{"id":20634,"date":"2025-08-21T12:08:50","date_gmt":"2025-08-21T10:08:50","guid":{"rendered":"https:\/\/pactech.com\/?page_id=20634"},"modified":"2025-12-08T09:37:27","modified_gmt":"2025-12-08T08:37:27","slug":"%ed%95%99%ec%88%a0%ec%9e%90%eb%a3%8c","status":"publish","type":"page","link":"https:\/\/pactech.com\/ko\/%ed%95%99%ec%88%a0%ec%9e%90%eb%a3%8c\/","title":{"rendered":"\ud559\uc220 \uc790\ub8cc"},"content":{"rendered":"<p><div class=\"fusion-fullwidth fullwidth-box fusion-builder-row-1 fusion-flex-container has-pattern-background has-mask-background fusion-parallax-fixed hundred-percent-fullwidth non-hundred-percent-height-scrolling\" style=\"--awb-border-radius-top-left:0px;--awb-border-radius-top-right:0px;--awb-border-radius-bottom-right:0px;--awb-border-radius-bottom-left:0px;--awb-padding-top:100px;--awb-padding-right:0px;--awb-padding-bottom:100px;--awb-padding-left:0px;--awb-background-image:linear-gradient(180deg, rgba(0,0,0,0.85) 0%,rgba(0,0,0,0.85) 100%),url(https:\/\/pactech.com\/wp-content\/uploads\/2022\/11\/Production-and-Assembly-Sector.jpg);;--awb-background-size:cover;--awb-flex-wrap:wrap;background-attachment:fixed;\" ><div class=\"fusion-builder-row fusion-row fusion-flex-align-items-flex-start fusion-flex-content-wrap\" style=\"width:104% !important;max-width:104% !important;margin-left: calc(-4% \/ 2 );margin-right: calc(-4% \/ 2 );\"><div class=\"fusion-layout-column fusion_builder_column fusion-builder-column-0 fusion_builder_column_1_1 1_1 fusion-flex-column\" style=\"--awb-bg-size:cover;--awb-width-large:100%;--awb-margin-top-large:0px;--awb-spacing-right-large:6.72%;--awb-margin-bottom-large:0px;--awb-spacing-left-large:6.72%;--awb-width-medium:100%;--awb-order-medium:0;--awb-spacing-right-medium:4.8%;--awb-spacing-left-medium:4.8%;--awb-width-small:100%;--awb-order-small:0;--awb-spacing-right-small:6.72%;--awb-spacing-left-small:6.72%;\"><div class=\"fusion-column-wrapper fusion-column-has-shadow fusion-flex-justify-content-flex-start fusion-content-layout-column\"><div class=\"fusion-title title fusion-title-1 fusion-sep-none fusion-title-text fusion-title-size-one\" style=\"--awb-margin-top-small:10px;--awb-margin-right-small:0px;--awb-margin-bottom-small:10px;--awb-margin-left-small:0px;\"><h1 class=\"fusion-title-heading title-heading-left\" style=\"margin:0;\"><span style=\"color: #ffffff;\">PacTech \ucd9c\ud310\ubb3c<\/span><\/h1><\/div><\/div><\/div><\/div><\/div><div class=\"fusion-fullwidth fullwidth-box fusion-builder-row-2 fusion-flex-container has-pattern-background has-mask-background hundred-percent-fullwidth non-hundred-percent-height-scrolling\" style=\"--awb-border-radius-top-left:0px;--awb-border-radius-top-right:0px;--awb-border-radius-bottom-right:0px;--awb-border-radius-bottom-left:0px;--awb-padding-top:100px;--awb-padding-right:0px;--awb-padding-bottom:200px;--awb-padding-left:0px;--awb-padding-bottom-medium:80px;--awb-padding-top-small:50px;--awb-padding-bottom-small:0px;--awb-flex-wrap:wrap;\" ><div class=\"fusion-builder-row fusion-row fusion-flex-align-items-flex-start fusion-flex-content-wrap\" style=\"width:calc( 100% + 0px ) !important;max-width:calc( 100% + 0px ) !important;margin-left: calc(-0px \/ 2 );margin-right: calc(-0px \/ 2 );\"><div class=\"fusion-layout-column fusion_builder_column fusion-builder-column-1 fusion_builder_column_1_2 1_2 fusion-flex-column\" style=\"--awb-bg-size:cover;--awb-width-large:50%;--awb-margin-top-large:0px;--awb-spacing-right-large:calc( 0.1 * calc( 100% - 0px ) );--awb-margin-bottom-large:0px;--awb-spacing-left-large:calc( 0.1 * calc( 100% - 0px ) );--awb-width-medium:100%;--awb-order-medium:1;--awb-spacing-right-medium:calc( 0.05 * calc( 100% - 0px ) );--awb-spacing-left-medium:calc( 0.05 * calc( 100% - 0px ) );--awb-width-small:100%;--awb-order-small:0;--awb-spacing-right-small:calc( 0.07 * calc( 100% - 0px ) );--awb-spacing-left-small:calc( 0.07 * calc( 100% - 0px ) );\"><div class=\"fusion-column-wrapper fusion-column-has-shadow fusion-flex-justify-content-flex-start fusion-content-layout-column\"><div class=\"fusion-title title fusion-title-2 fusion-sep-none fusion-title-text fusion-title-size-two\" style=\"--awb-text-color:#ffffff;--awb-margin-top:0px;--awb-margin-bottom:30px;--awb-margin-top-small:0px;--awb-margin-right-small:0px;--awb-margin-bottom-small:10px;--awb-margin-left-small:0px;--awb-font-size:30px;\"><h2 class=\"fusion-title-heading title-heading-left\" style=\"margin:0;font-size:1em;\">2025<span class=\"Y2IQFc\" lang=\"ko\">\ub144 <\/span>\ud559\uc220 \uc790\ub8cc<\/h2><\/div><ul style=\"--awb-margin-bottom:30px;--awb-line-height:27.2px;--awb-icon-width:27.2px;--awb-icon-height:27.2px;--awb-icon-margin:11.2px;--awb-content-margin:38.4px;--awb-circlecolor:#ad1d3f;--awb-circle-yes-font-size:14.08px;\" class=\"fusion-checklist fusion-checklist-1 fusion-checklist-default type-icons\"><li class=\"fusion-li-item\" style=\"\"><span class=\"icon-wrapper circle-yes\"><i class=\"fusion-li-icon fa-book-open fas\" aria-hidden=\"true\"><\/i><\/span><div class=\"fusion-li-item-content\">\n<p><a href=\"https:\/\/pactech.com\/publications\/selective-post-soldering-volume-adjustment-for-improved-co-planarity-of-c4-bump-interfaces\/\" target=\"_blank\" rel=\"noopener\">Selective Post-Soldering Volume Adjustment for Improved Co-Planarity of C4 Bump Interfaces<\/a><\/p>\n<\/div><\/li><li class=\"fusion-li-item\" style=\"\"><span class=\"icon-wrapper circle-yes\"><i class=\"fusion-li-icon fa-book-open fas\" aria-hidden=\"true\"><\/i><\/span><div class=\"fusion-li-item-content\">\n<p><a href=\"https:\/\/pactech.com\/wp-content\/uploads\/2025\/12\/Chip-Scale-Review_Mar-Apr_2025-digital_page38-45.pdf\">Chip Scale Review: Direct laser reflow techniques for stable and reliable solder bump interfaces on semiconductor substrates<\/a><\/p>\n<\/div><\/li><\/ul><div class=\"fusion-title title fusion-title-3 fusion-sep-none fusion-title-text fusion-title-size-two\" style=\"--awb-text-color:#ffffff;--awb-margin-top:0px;--awb-margin-bottom:30px;--awb-margin-top-small:0px;--awb-margin-right-small:0px;--awb-margin-bottom-small:10px;--awb-margin-left-small:0px;--awb-font-size:30px;\"><h2 class=\"fusion-title-heading title-heading-left\" style=\"margin:0;font-size:1em;\">2024<span class=\"Y2IQFc\" lang=\"ko\">\ub144 <\/span>\ud559\uc220 \uc790\ub8cc<\/h2><\/div><ul style=\"--awb-line-height:27.2px;--awb-icon-width:27.2px;--awb-icon-height:27.2px;--awb-icon-margin:11.2px;--awb-content-margin:38.4px;--awb-circlecolor:#ad1d3f;--awb-circle-yes-font-size:14.08px;\" class=\"fusion-checklist fusion-checklist-2 fusion-checklist-default type-icons\"><li class=\"fusion-li-item\" style=\"\"><span class=\"icon-wrapper circle-yes\"><i class=\"fusion-li-icon fa-book-open fas\" aria-hidden=\"true\"><\/i><\/span><div class=\"fusion-li-item-content\">\n<p><a href=\"https:\/\/pactech.com\/publications\/direct-laser-reflow-c4-bump-flip-chip\/\">A study about direct laser reflow for forming stable and reliable C4 bump interfaces on semiconductor substrates for Flip Chip applications<\/a><\/p>\n<\/div><\/li><li class=\"fusion-li-item\" style=\"\"><span class=\"icon-wrapper circle-yes\"><i class=\"fusion-li-icon fa-book-open fas\" aria-hidden=\"true\"><\/i><\/span><div class=\"fusion-li-item-content\">\n<p>ISES &#8211; Innovative laser assisted bonding process for next generation advanced packaging<\/p>\n<\/div><\/li><li class=\"fusion-li-item\" style=\"\"><span class=\"icon-wrapper circle-yes\"><i class=\"fusion-li-icon fa-book-open fas\" aria-hidden=\"true\"><\/i><\/span><div class=\"fusion-li-item-content\">\n<p>iMAPS &#8211; Laser assisted bonding as recommended soldering technology for next generation sensor packaging<\/p>\n<\/div><\/li><li class=\"fusion-li-item\" style=\"\"><span class=\"icon-wrapper circle-yes\"><i class=\"fusion-li-icon fa-book-open fas\" aria-hidden=\"true\"><\/i><\/span><div class=\"fusion-li-item-content\">\n<p>IEMT &#8211; Innovative laser assisted bonding technologies for next generation advanced packaging<\/p>\n<\/div><\/li><li class=\"fusion-li-item\" style=\"\"><span class=\"icon-wrapper circle-yes\"><i class=\"fusion-li-icon fa-book-open fas\" aria-hidden=\"true\"><\/i><\/span><div class=\"fusion-li-item-content\">\n<p>EPP &#8211; Advanced Laser Assisted Bonding Technologies for high-power device assembly<\/p>\n<\/div><\/li><li class=\"fusion-li-item\" style=\"\"><span class=\"icon-wrapper circle-yes\"><i class=\"fusion-li-icon fa-book-open fas\" aria-hidden=\"true\"><\/i><\/span><div class=\"fusion-li-item-content\">\n<p><a href=\"https:\/\/pactech.com\/publications\/direct-laser-reflow-solder-bump\/\">Exploring direct laser reflow techniques for forming stable and reliable solder bump interfaces on semiconductor substrates<\/a><\/p>\n<\/div><\/li><\/ul><div class=\"fusion-title title fusion-title-4 fusion-sep-none fusion-title-text fusion-title-size-two\" style=\"--awb-text-color:#ffffff;--awb-margin-top:30px;--awb-margin-bottom:30px;--awb-margin-top-small:30px;--awb-margin-right-small:0px;--awb-margin-bottom-small:10px;--awb-margin-left-small:0px;--awb-margin-top-medium:30px;--awb-font-size:30px;\"><h2 class=\"fusion-title-heading title-heading-left\" style=\"margin:0;font-size:1em;\">2023<span class=\"Y2IQFc\" lang=\"ko\">\ub144 <\/span>\ud559\uc220 \uc790\ub8cc<\/h2><\/div><ul style=\"--awb-line-height:27.2px;--awb-icon-width:27.2px;--awb-icon-height:27.2px;--awb-icon-margin:11.2px;--awb-content-margin:38.4px;--awb-circlecolor:#ad1d3f;--awb-circle-yes-font-size:14.08px;\" class=\"fusion-checklist fusion-checklist-3 fusion-checklist-default type-icons\"><li class=\"fusion-li-item\" style=\"\"><span class=\"icon-wrapper circle-yes\"><i class=\"fusion-li-icon fa-book-open fas\" aria-hidden=\"true\"><\/i><\/span><div class=\"fusion-li-item-content\">\n<p><a href=\"https:\/\/pactech.com\/publications\/forming-of-advanced-tht-interconnects-using-sb%c2%b2-laser-solder-jetting-process\/\">Forming of advanced THT-interconnects using SB\u00b2 \u00ae laser solder jetting process<\/a><\/p>\n<\/div><\/li><li class=\"fusion-li-item\" style=\"\"><span class=\"icon-wrapper circle-yes\"><i class=\"fusion-li-icon fa-book-open fas\" aria-hidden=\"true\"><\/i><\/span><div class=\"fusion-li-item-content\">\n<p>Next generation advanced packaging using innovative laser assisted bonding equipment<\/p>\n<\/div><\/li><\/ul><div class=\"fusion-title title fusion-title-5 fusion-sep-none fusion-title-text fusion-title-size-two\" style=\"--awb-text-color:#ffffff;--awb-margin-top:50px;--awb-margin-bottom:30px;--awb-margin-top-small:30px;--awb-margin-right-small:0px;--awb-margin-bottom-small:10px;--awb-margin-left-small:0px;--awb-margin-top-medium:30px;--awb-font-size:30px;\"><h2 class=\"fusion-title-heading title-heading-left\" style=\"margin:0;font-size:1em;\">2021<span class=\"Y2IQFc\" lang=\"ko\">\ub144 <\/span>\ud559\uc220 \uc790\ub8cc<\/h2><\/div><ul style=\"--awb-line-height:27.2px;--awb-icon-width:27.2px;--awb-icon-height:27.2px;--awb-icon-margin:11.2px;--awb-content-margin:38.4px;--awb-circlecolor:#ad1d3f;--awb-circle-yes-font-size:14.08px;\" class=\"fusion-checklist fusion-checklist-4 fusion-checklist-default type-icons\"><li class=\"fusion-li-item\" style=\"\"><span class=\"icon-wrapper circle-yes\"><i class=\"fusion-li-icon fa-book-open fas\" aria-hidden=\"true\"><\/i><\/span><div class=\"fusion-li-item-content\">\n<p>Innovative laser assisted 3.5 D \u00ae and SB\u00b2 \u00ae WB assembly processes for next generation advanced packaging<\/p>\n<\/div><\/li><li class=\"fusion-li-item\" style=\"\"><span class=\"icon-wrapper circle-yes\"><i class=\"fusion-li-icon fa-book-open fas\" aria-hidden=\"true\"><\/i><\/span><div class=\"fusion-li-item-content\">\n<p><a href=\"https:\/\/pactech.com\/publications\/versatile-hermatically-sealed-sensor-platform-for-high-frequency-applications\/\">Versatile hermetically sealed sensor platform for high frequency applications<\/a><\/p>\n<\/div><\/li><li class=\"fusion-li-item\" style=\"\"><span class=\"icon-wrapper circle-yes\"><i class=\"fusion-li-icon fa-book-open fas\" aria-hidden=\"true\"><\/i><\/span><div class=\"fusion-li-item-content\">Assembly and Repair of mini- and \u00b5-LED display panels using innovative laser assisted bonding<\/div><\/li><li class=\"fusion-li-item\" style=\"\"><span class=\"icon-wrapper circle-yes\"><i class=\"fusion-li-icon fa-book-open fas\" aria-hidden=\"true\"><\/i><\/span><div class=\"fusion-li-item-content\">Lasergest\u00fctzte F\u00fcgeprozesse als Schl\u00fcsseltechnologie der zuk\u00fcnftigen Aufbau- und Verbindungstechnik<\/div><\/li><li class=\"fusion-li-item\" style=\"\"><span class=\"icon-wrapper circle-yes\"><i class=\"fusion-li-icon fa-book-open fas\" aria-hidden=\"true\"><\/i><\/span><div class=\"fusion-li-item-content\">\n<p><a href=\"https:\/\/pactech.com\/publications\/laser-assisted-transfer-of-solder-material-from-a-solid-state-solder-layer\/\">Laser-assisted transfer of solder material from a solid-state solder layer for mask-less formation of micro solder depots on Cu-pillars and ENIG pad structures<\/a><\/p>\n<\/div><\/li><li class=\"fusion-li-item\" style=\"\"><span class=\"icon-wrapper circle-yes\"><i class=\"fusion-li-icon fa-book-open fas\" aria-hidden=\"true\"><\/i><\/span><div class=\"fusion-li-item-content\">\n<p><a href=\"https:\/\/pactech.com\/publications\/a-study-about-3d-stacking-of-passive-smd-elements-for-advanced-smt-packaging-using-laser-assisted-bonding\/\">A study about 3D stacking of passive SMD elements for advanced SMT packaging using laser assisted bonding<\/a><\/p>\n<\/div><\/li><\/ul><div class=\"fusion-title title fusion-title-6 fusion-sep-none fusion-title-text fusion-title-size-two\" style=\"--awb-text-color:#ffffff;--awb-margin-top:50px;--awb-margin-bottom:30px;--awb-margin-top-small:30px;--awb-margin-right-small:0px;--awb-margin-bottom-small:10px;--awb-margin-left-small:0px;--awb-margin-top-medium:30px;--awb-font-size:30px;\"><h2 class=\"fusion-title-heading title-heading-left\" style=\"margin:0;font-size:1em;\">2020<span class=\"Y2IQFc\" lang=\"ko\">\ub144 <\/span>\ud559\uc220 \uc790\ub8cc<\/h2><\/div><ul style=\"--awb-line-height:27.2px;--awb-icon-width:27.2px;--awb-icon-height:27.2px;--awb-icon-margin:11.2px;--awb-content-margin:38.4px;--awb-circlecolor:#ad1d3f;--awb-circle-yes-font-size:14.08px;\" class=\"fusion-checklist fusion-checklist-5 fusion-checklist-default type-icons\"><li class=\"fusion-li-item\" style=\"\"><span class=\"icon-wrapper circle-yes\"><i class=\"fusion-li-icon fa-book-open fas\" aria-hidden=\"true\"><\/i><\/span><div class=\"fusion-li-item-content\">\n<p><a href=\"https:\/\/pactech.com\/publications\/reliabillity-of-through-glass-vias-and-hermetically-sealing-for-a-versatile-sensor-platform\/\">Reliabillity of Through Glass Vias and hermetically sealing for a versatile sensor platform<\/a><\/p>\n<\/div><\/li><li class=\"fusion-li-item\" style=\"\"><span class=\"icon-wrapper circle-yes\"><i class=\"fusion-li-icon fa-book-open fas\" aria-hidden=\"true\"><\/i><\/span><div class=\"fusion-li-item-content\">\n<p><a href=\"https:\/\/pactech.com\/publications\/study-of-solder-interconnect-configurations-performance-of-vertical-laser-assisted-assembled-3-5d-packages\/\">Study of solder interconnect configurations &amp; performance of vertical laser assisted assembled \u201c3.5 D\u00a0\u00ae\u201d packages<\/a><\/p>\n<\/div><\/li><li class=\"fusion-li-item\" style=\"\"><span class=\"icon-wrapper circle-yes\"><i class=\"fusion-li-icon fa-book-open fas\" aria-hidden=\"true\"><\/i><\/span><div class=\"fusion-li-item-content\">\n<p><a href=\"https:\/\/pactech.com\/publications\/a-study-on-laser-assisted-bonding-lab-and-its-influence-on-luminescence-characteristics-of-blue-and-yag-phosphor-encapsulated-ingan-leds\/\">A study on laser-assisted bonding (LAB) and its influence on luminescence characteristics of blue and YAG phosphor encapsulated InGaN LEDs<\/a><\/p>\n<\/div><\/li><li class=\"fusion-li-item\" style=\"\"><span class=\"icon-wrapper circle-yes\"><i class=\"fusion-li-icon fa-book-open fas\" aria-hidden=\"true\"><\/i><\/span><div class=\"fusion-li-item-content\">\n<p><a href=\"https:\/\/pactech.com\/publications\/laser-assisted-bonding-lab-and-de-bonding-ladb-as-an-advanced-process-solution-for-selective-repair-of-3d-and-multi-die-chip-packages\/\">Laser-assisted bonding (LAB) and de-bonding (LAdB) as an advanced process solution for selective repair of 3D and multi-die chip packages<\/a><\/p>\n<\/div><\/li><\/ul><\/div><\/div><div class=\"fusion-layout-column fusion_builder_column fusion-builder-column-2 awb-sticky awb-sticky-large fusion_builder_column_1_2 1_2 fusion-flex-column\" style=\"--awb-padding-top:30px;--awb-padding-right:30px;--awb-padding-bottom:30px;--awb-padding-left:30px;--awb-bg-color:#ffffff;--awb-bg-color-hover:#ffffff;--awb-bg-size:cover;--awb-width-large:50%;--awb-margin-top-large:0px;--awb-spacing-right-large:calc( 0.1 * calc( 100% - 0px ) );--awb-margin-bottom-large:0px;--awb-spacing-left-large:calc( 0.1 * calc( 100% - 0px ) );--awb-width-medium:100%;--awb-order-medium:2;--awb-margin-top-medium:30px;--awb-spacing-right-medium:calc( 0.05 * calc( 100% - 0px ) );--awb-margin-bottom-medium:0px;--awb-spacing-left-medium:calc( 0.05 * calc( 100% - 0px ) );--awb-width-small:100%;--awb-order-small:0;--awb-margin-top-small:50px;--awb-spacing-right-small:calc( 0.07 * calc( 100% - 0px ) );--awb-margin-bottom-small:20px;--awb-spacing-left-small:calc( 0.07 * calc( 100% - 0px ) );--awb-sticky-offset:100px;\" data-scroll-devices=\"small-visibility,medium-visibility,large-visibility\"><div class=\"fusion-column-wrapper fusion-column-has-shadow fusion-flex-justify-content-flex-start fusion-content-layout-column\"><div class=\"fusion-title title fusion-title-7 fusion-sep-none fusion-title-text fusion-title-size-three\" style=\"--awb-text-color:#000000;--awb-margin-bottom:30px;--awb-margin-top-small:10px;--awb-margin-right-small:0px;--awb-margin-bottom-small:10px;--awb-margin-left-small:0px;--awb-font-size:20px;\"><h3 class=\"fusion-title-heading title-heading-left\" style=\"margin:0;font-size:1em;\">Download Publications<\/h3><\/div>\n\t\t\t\t\t\t<script>\n\t\t\t\t\t\t\twindow.hsFormsOnReady = window.hsFormsOnReady || [];\n\t\t\t\t\t\t\twindow.hsFormsOnReady.push(()=>{\n\t\t\t\t\t\t\t\thbspt.forms.create({\n\t\t\t\t\t\t\t\t\tportalId: 25161494,\n\t\t\t\t\t\t\t\t\tformId: \"35dbbe84-bde8-430f-932a-f750646ac60d\",\n\t\t\t\t\t\t\t\t\ttarget: \"#hbspt-form-1775248354000-4958786260\",\n\t\t\t\t\t\t\t\t\tregion: \"eu1\",\n\t\t\t\t\t\t\t\t\t\n\t\t\t\t\t\t\t})});\n\t\t\t\t\t\t<\/script>\n\t\t\t\t\t\t<div class=\"hbspt-form\" id=\"hbspt-form-1775248354000-4958786260\"><\/div>\n<\/div><\/div><\/div><\/div><\/p>\n","protected":false},"excerpt":{"rendered":"","protected":false},"author":4,"featured_media":0,"parent":0,"menu_order":0,"comment_status":"closed","ping_status":"closed","template":"100-width.php","meta":{"content-type":"","footnotes":""},"class_list":["post-20634","page","type-page","status-publish","hentry"],"yoast_head":"<!-- This site is optimized with the Yoast SEO plugin v27.3 - https:\/\/yoast.com\/product\/yoast-seo-wordpress\/ -->\n<title>PacTech \ucd9c\ud310\ubb3c | \ucd5c\uc2e0 \ubc18\ub3c4\uccb4 \ud328\ud0a4\uc9d5 \uc5f0\uad6c \uc790\ub8cc \ub2e4\uc6b4\ub85c\ub4dc<\/title>\n<meta name=\"description\" content=\"PacTech\uc774 \ubc1c\ud45c\ud55c \ucd5c\uc2e0 \ubc18\ub3c4\uccb4 \ud328\ud0a4\uc9d5 \uae30\uc220 \ub17c\ubb38\uacfc \uc5f0\uad6c \uc790\ub8cc\ub97c \ud655\uc778\ud558\uc138\uc694. \uc6e8\uc774\ud37c \ub808\ubca8 \ud328\ud0a4\uc9d5, \ub808\uc774\uc800 \ubcf8\ub529 \ub4f1 \ucca8\ub2e8 \uae30\uc220\uc5d0 \ub300\ud55c \uc2ec\ub3c4 \uae4a\uc740 \uc790\ub8cc\ub97c \uc81c\uacf5\ud569\ub2c8\ub2e4.\" \/>\n<meta name=\"robots\" content=\"index, follow, max-snippet:-1, max-image-preview:large, max-video-preview:-1\" \/>\n<link rel=\"canonical\" href=\"https:\/\/pactech.com\/ko\/%ed%95%99%ec%88%a0%ec%9e%90%eb%a3%8c\/\" \/>\n<meta property=\"og:locale\" content=\"ko_KR\" \/>\n<meta property=\"og:type\" content=\"article\" \/>\n<meta property=\"og:title\" content=\"PacTech \ucd9c\ud310\ubb3c | \ucd5c\uc2e0 \ubc18\ub3c4\uccb4 \ud328\ud0a4\uc9d5 \uc5f0\uad6c \uc790\ub8cc \ub2e4\uc6b4\ub85c\ub4dc\" \/>\n<meta property=\"og:description\" content=\"PacTech\uc774 \ubc1c\ud45c\ud55c \ucd5c\uc2e0 \ubc18\ub3c4\uccb4 \ud328\ud0a4\uc9d5 \uae30\uc220 \ub17c\ubb38\uacfc \uc5f0\uad6c \uc790\ub8cc\ub97c \ud655\uc778\ud558\uc138\uc694. \uc6e8\uc774\ud37c \ub808\ubca8 \ud328\ud0a4\uc9d5, \ub808\uc774\uc800 \ubcf8\ub529 \ub4f1 \ucca8\ub2e8 \uae30\uc220\uc5d0 \ub300\ud55c \uc2ec\ub3c4 \uae4a\uc740 \uc790\ub8cc\ub97c \uc81c\uacf5\ud569\ub2c8\ub2e4.\" \/>\n<meta property=\"og:url\" content=\"https:\/\/pactech.com\/ko\/%ed%95%99%ec%88%a0%ec%9e%90%eb%a3%8c\/\" \/>\n<meta property=\"og:site_name\" content=\"PacTech - Packaging Technology Equipment &amp; Services\" \/>\n<meta property=\"article:modified_time\" content=\"2025-12-08T08:37:27+00:00\" \/>\n<meta name=\"twitter:card\" content=\"summary_large_image\" \/>\n<script type=\"application\/ld+json\" class=\"yoast-schema-graph\">{\"@context\":\"https:\\\/\\\/schema.org\",\"@graph\":[{\"@type\":\"WebPage\",\"@id\":\"https:\\\/\\\/pactech.com\\\/ko\\\/%ed%95%99%ec%88%a0%ec%9e%90%eb%a3%8c\\\/\",\"url\":\"https:\\\/\\\/pactech.com\\\/ko\\\/%ed%95%99%ec%88%a0%ec%9e%90%eb%a3%8c\\\/\",\"name\":\"PacTech \ucd9c\ud310\ubb3c | \ucd5c\uc2e0 \ubc18\ub3c4\uccb4 \ud328\ud0a4\uc9d5 \uc5f0\uad6c \uc790\ub8cc \ub2e4\uc6b4\ub85c\ub4dc\",\"isPartOf\":{\"@id\":\"https:\\\/\\\/pactech.com\\\/ko\\\/#website\"},\"datePublished\":\"2025-08-21T10:08:50+00:00\",\"dateModified\":\"2025-12-08T08:37:27+00:00\",\"description\":\"PacTech\uc774 \ubc1c\ud45c\ud55c \ucd5c\uc2e0 \ubc18\ub3c4\uccb4 \ud328\ud0a4\uc9d5 \uae30\uc220 \ub17c\ubb38\uacfc \uc5f0\uad6c \uc790\ub8cc\ub97c \ud655\uc778\ud558\uc138\uc694. \uc6e8\uc774\ud37c \ub808\ubca8 \ud328\ud0a4\uc9d5, \ub808\uc774\uc800 \ubcf8\ub529 \ub4f1 \ucca8\ub2e8 \uae30\uc220\uc5d0 \ub300\ud55c \uc2ec\ub3c4 \uae4a\uc740 \uc790\ub8cc\ub97c \uc81c\uacf5\ud569\ub2c8\ub2e4.\",\"breadcrumb\":{\"@id\":\"https:\\\/\\\/pactech.com\\\/ko\\\/%ed%95%99%ec%88%a0%ec%9e%90%eb%a3%8c\\\/#breadcrumb\"},\"inLanguage\":\"ko-KR\",\"potentialAction\":[{\"@type\":\"ReadAction\",\"target\":[\"https:\\\/\\\/pactech.com\\\/ko\\\/%ed%95%99%ec%88%a0%ec%9e%90%eb%a3%8c\\\/\"]}]},{\"@type\":\"BreadcrumbList\",\"@id\":\"https:\\\/\\\/pactech.com\\\/ko\\\/%ed%95%99%ec%88%a0%ec%9e%90%eb%a3%8c\\\/#breadcrumb\",\"itemListElement\":[{\"@type\":\"ListItem\",\"position\":1,\"name\":\"Startseite\",\"item\":\"https:\\\/\\\/pactech.com\\\/ko\\\/\"},{\"@type\":\"ListItem\",\"position\":2,\"name\":\"\ud559\uc220 \uc790\ub8cc\"}]},{\"@type\":\"WebSite\",\"@id\":\"https:\\\/\\\/pactech.com\\\/ko\\\/#website\",\"url\":\"https:\\\/\\\/pactech.com\\\/ko\\\/\",\"name\":\"PacTech - Packaging Technology Equipment &amp; Services\",\"description\":\"Advanced Packaging Equipment and Wafer Level Packaging Services\",\"potentialAction\":[{\"@type\":\"SearchAction\",\"target\":{\"@type\":\"EntryPoint\",\"urlTemplate\":\"https:\\\/\\\/pactech.com\\\/ko\\\/?s={search_term_string}\"},\"query-input\":{\"@type\":\"PropertyValueSpecification\",\"valueRequired\":true,\"valueName\":\"search_term_string\"}}],\"inLanguage\":\"ko-KR\"}]}<\/script>\n<!-- \/ Yoast SEO plugin. -->","yoast_head_json":{"title":"PacTech \ucd9c\ud310\ubb3c | \ucd5c\uc2e0 \ubc18\ub3c4\uccb4 \ud328\ud0a4\uc9d5 \uc5f0\uad6c \uc790\ub8cc \ub2e4\uc6b4\ub85c\ub4dc","description":"PacTech\uc774 \ubc1c\ud45c\ud55c \ucd5c\uc2e0 \ubc18\ub3c4\uccb4 \ud328\ud0a4\uc9d5 \uae30\uc220 \ub17c\ubb38\uacfc \uc5f0\uad6c \uc790\ub8cc\ub97c \ud655\uc778\ud558\uc138\uc694. \uc6e8\uc774\ud37c \ub808\ubca8 \ud328\ud0a4\uc9d5, \ub808\uc774\uc800 \ubcf8\ub529 \ub4f1 \ucca8\ub2e8 \uae30\uc220\uc5d0 \ub300\ud55c \uc2ec\ub3c4 \uae4a\uc740 \uc790\ub8cc\ub97c \uc81c\uacf5\ud569\ub2c8\ub2e4.","robots":{"index":"index","follow":"follow","max-snippet":"max-snippet:-1","max-image-preview":"max-image-preview:large","max-video-preview":"max-video-preview:-1"},"canonical":"https:\/\/pactech.com\/ko\/%ed%95%99%ec%88%a0%ec%9e%90%eb%a3%8c\/","og_locale":"ko_KR","og_type":"article","og_title":"PacTech \ucd9c\ud310\ubb3c | \ucd5c\uc2e0 \ubc18\ub3c4\uccb4 \ud328\ud0a4\uc9d5 \uc5f0\uad6c \uc790\ub8cc \ub2e4\uc6b4\ub85c\ub4dc","og_description":"PacTech\uc774 \ubc1c\ud45c\ud55c \ucd5c\uc2e0 \ubc18\ub3c4\uccb4 \ud328\ud0a4\uc9d5 \uae30\uc220 \ub17c\ubb38\uacfc \uc5f0\uad6c \uc790\ub8cc\ub97c \ud655\uc778\ud558\uc138\uc694. \uc6e8\uc774\ud37c \ub808\ubca8 \ud328\ud0a4\uc9d5, \ub808\uc774\uc800 \ubcf8\ub529 \ub4f1 \ucca8\ub2e8 \uae30\uc220\uc5d0 \ub300\ud55c \uc2ec\ub3c4 \uae4a\uc740 \uc790\ub8cc\ub97c \uc81c\uacf5\ud569\ub2c8\ub2e4.","og_url":"https:\/\/pactech.com\/ko\/%ed%95%99%ec%88%a0%ec%9e%90%eb%a3%8c\/","og_site_name":"PacTech - Packaging Technology Equipment &amp; Services","article_modified_time":"2025-12-08T08:37:27+00:00","twitter_card":"summary_large_image","schema":{"@context":"https:\/\/schema.org","@graph":[{"@type":"WebPage","@id":"https:\/\/pactech.com\/ko\/%ed%95%99%ec%88%a0%ec%9e%90%eb%a3%8c\/","url":"https:\/\/pactech.com\/ko\/%ed%95%99%ec%88%a0%ec%9e%90%eb%a3%8c\/","name":"PacTech \ucd9c\ud310\ubb3c | \ucd5c\uc2e0 \ubc18\ub3c4\uccb4 \ud328\ud0a4\uc9d5 \uc5f0\uad6c \uc790\ub8cc \ub2e4\uc6b4\ub85c\ub4dc","isPartOf":{"@id":"https:\/\/pactech.com\/ko\/#website"},"datePublished":"2025-08-21T10:08:50+00:00","dateModified":"2025-12-08T08:37:27+00:00","description":"PacTech\uc774 \ubc1c\ud45c\ud55c \ucd5c\uc2e0 \ubc18\ub3c4\uccb4 \ud328\ud0a4\uc9d5 \uae30\uc220 \ub17c\ubb38\uacfc \uc5f0\uad6c \uc790\ub8cc\ub97c \ud655\uc778\ud558\uc138\uc694. \uc6e8\uc774\ud37c \ub808\ubca8 \ud328\ud0a4\uc9d5, \ub808\uc774\uc800 \ubcf8\ub529 \ub4f1 \ucca8\ub2e8 \uae30\uc220\uc5d0 \ub300\ud55c \uc2ec\ub3c4 \uae4a\uc740 \uc790\ub8cc\ub97c \uc81c\uacf5\ud569\ub2c8\ub2e4.","breadcrumb":{"@id":"https:\/\/pactech.com\/ko\/%ed%95%99%ec%88%a0%ec%9e%90%eb%a3%8c\/#breadcrumb"},"inLanguage":"ko-KR","potentialAction":[{"@type":"ReadAction","target":["https:\/\/pactech.com\/ko\/%ed%95%99%ec%88%a0%ec%9e%90%eb%a3%8c\/"]}]},{"@type":"BreadcrumbList","@id":"https:\/\/pactech.com\/ko\/%ed%95%99%ec%88%a0%ec%9e%90%eb%a3%8c\/#breadcrumb","itemListElement":[{"@type":"ListItem","position":1,"name":"Startseite","item":"https:\/\/pactech.com\/ko\/"},{"@type":"ListItem","position":2,"name":"\ud559\uc220 \uc790\ub8cc"}]},{"@type":"WebSite","@id":"https:\/\/pactech.com\/ko\/#website","url":"https:\/\/pactech.com\/ko\/","name":"PacTech - Packaging Technology Equipment &amp; Services","description":"Advanced Packaging Equipment and Wafer Level Packaging Services","potentialAction":[{"@type":"SearchAction","target":{"@type":"EntryPoint","urlTemplate":"https:\/\/pactech.com\/ko\/?s={search_term_string}"},"query-input":{"@type":"PropertyValueSpecification","valueRequired":true,"valueName":"search_term_string"}}],"inLanguage":"ko-KR"}]}},"_links":{"self":[{"href":"https:\/\/pactech.com\/ko\/wp-json\/wp\/v2\/pages\/20634","targetHints":{"allow":["GET"]}}],"collection":[{"href":"https:\/\/pactech.com\/ko\/wp-json\/wp\/v2\/pages"}],"about":[{"href":"https:\/\/pactech.com\/ko\/wp-json\/wp\/v2\/types\/page"}],"author":[{"embeddable":true,"href":"https:\/\/pactech.com\/ko\/wp-json\/wp\/v2\/users\/4"}],"replies":[{"embeddable":true,"href":"https:\/\/pactech.com\/ko\/wp-json\/wp\/v2\/comments?post=20634"}],"version-history":[{"count":16,"href":"https:\/\/pactech.com\/ko\/wp-json\/wp\/v2\/pages\/20634\/revisions"}],"predecessor-version":[{"id":22747,"href":"https:\/\/pactech.com\/ko\/wp-json\/wp\/v2\/pages\/20634\/revisions\/22747"}],"wp:attachment":[{"href":"https:\/\/pactech.com\/ko\/wp-json\/wp\/v2\/media?parent=20634"}],"curies":[{"name":"wp","href":"https:\/\/api.w.org\/{rel}","templated":true}]}}