{"id":7622,"date":"2022-11-08T12:14:58","date_gmt":"2022-11-08T12:14:58","guid":{"rendered":"https:\/\/test.pactech.com\/chemicals\/"},"modified":"2025-09-18T11:45:38","modified_gmt":"2025-09-18T09:45:38","slug":"chemikalien","status":"publish","type":"page","link":"https:\/\/pactech.com\/de\/chemikalien\/","title":{"rendered":"Chemikalien"},"content":{"rendered":"<div class=\"fusion-fullwidth fullwidth-box fusion-builder-row-1 fusion-flex-container fusion-parallax-fixed hundred-percent-fullwidth non-hundred-percent-height-scrolling\" style=\"--awb-border-radius-top-left:0px;--awb-border-radius-top-right:0px;--awb-border-radius-bottom-right:0px;--awb-border-radius-bottom-left:0px;--awb-padding-top:6%;--awb-padding-right:0px;--awb-padding-bottom:0px;--awb-padding-left:0px;--awb-padding-top-medium:0px;--awb-margin-top:0px;--awb-margin-bottom:0px;--awb-background-image:linear-gradient(180deg, rgba(0,0,0,0.9) 0%,rgba(0,0,0,0.7) 100%),url(https:\/\/pactech.com\/wp-content\/uploads\/2022\/11\/PacTech-Wafer-Level-Packaging-Slider-Image-New.jpg);;--awb-background-size:cover;--awb-flex-wrap:wrap;background-attachment:fixed;\" ><div class=\"fusion-builder-row fusion-row fusion-flex-align-items-stretch fusion-flex-content-wrap\" style=\"width:calc( 100% + 0px ) !important;max-width:calc( 100% + 0px ) !important;margin-left: calc(-0px \/ 2 );margin-right: calc(-0px \/ 2 );\"><div class=\"fusion-layout-column fusion_builder_column fusion-builder-column-0 fusion_builder_column_1_1 1_1 fusion-flex-column fusion-animated\" style=\"--awb-padding-top:30px;--awb-padding-bottom:50px;--awb-padding-top-small:0px;--awb-bg-blend:overlay;--awb-bg-size:cover;--awb-width-large:100%;--awb-margin-top-large:0px;--awb-spacing-right-large:calc( 0.05 * calc( 100% - 0px ) );--awb-margin-bottom-large:0px;--awb-spacing-left-large:calc( 0.05 * calc( 100% - 0px ) );--awb-width-medium:100%;--awb-order-medium:0;--awb-margin-top-medium:30px;--awb-spacing-right-medium:calc( 0.05 * calc( 100% - 0px ) );--awb-spacing-left-medium:calc( 0.05 * calc( 100% - 0px ) );--awb-width-small:100%;--awb-order-small:0;--awb-margin-top-small:30px;--awb-spacing-right-small:calc( 0.07 * calc( 100% - 0px ) );--awb-spacing-left-small:calc( 0.07 * calc( 100% - 0px ) );\" data-animationType=\"fadeInLeft\" data-animationDuration=\"2.0\" data-animationOffset=\"top-into-view\" data-scroll-devices=\"small-visibility,medium-visibility,large-visibility\"><div class=\"fusion-column-wrapper fusion-column-has-shadow fusion-flex-justify-content-flex-start fusion-content-layout-column\"><div class=\"fusion-title title fusion-title-1 fusion-sep-none fusion-title-text fusion-title-size-one\" style=\"--awb-text-color:#ffffff;--awb-margin-top-small:10px;--awb-margin-right-small:0px;--awb-margin-bottom-small:10px;--awb-margin-left-small:0px;\"><h1 class=\"fusion-title-heading title-heading-left\" style=\"margin:0;\"><span style=\"color: #ad1d3f;\">HIGHTECH-CHEMIKALIEN<\/span> F\u00dcR WAFER LEVEL PACKAGING-ANWENDUNGEN<\/h1><\/div><\/div><\/div><div class=\"fusion-layout-column fusion_builder_column fusion-builder-column-1 fusion_builder_column_3_5 3_5 fusion-flex-column fusion-flex-align-self-flex-start fusion-animated\" style=\"--awb-padding-top:40px;--awb-padding-right:15%;--awb-padding-bottom:40px;--awb-padding-left:40px;--awb-padding-right-medium:5%;--awb-padding-left-medium:5%;--awb-padding-top-small:30px;--awb-padding-right-small:30px;--awb-padding-bottom-small:30px;--awb-padding-left-small:30px;--awb-bg-color:#616161;--awb-bg-color-hover:#616161;--awb-bg-size:cover;--awb-border-color:#ffffff;--awb-border-top:10px;--awb-border-right:10px;--awb-border-bottom:10px;--awb-border-left:10px;--awb-border-style:solid;--awb-width-large:60%;--awb-margin-top-large:0px;--awb-spacing-right-large:calc( -0.16666666666667 * calc( 100% - 0px ) );--awb-margin-bottom-large:0px;--awb-spacing-left-large:calc( 0.083333333333333 * calc( 100% - 0px ) );--awb-width-medium:100%;--awb-order-medium:2;--awb-spacing-right-medium:calc( 0.05 * calc( 100% - 0px ) );--awb-margin-bottom-medium:50px;--awb-spacing-left-medium:calc( 0.05 * calc( 100% - 0px ) );--awb-width-small:100%;--awb-order-small:2;--awb-margin-top-small:0px;--awb-spacing-right-small:calc( 0.07 * calc( 100% - 0px ) );--awb-spacing-left-small:calc( 0.07 * calc( 100% - 0px ) );\" data-animationType=\"fadeInLeft\" data-animationDuration=\"2.0\" data-animationOffset=\"top-into-view\" data-scroll-devices=\"small-visibility,medium-visibility,large-visibility\"><div class=\"fusion-column-wrapper fusion-column-has-shadow fusion-flex-justify-content-flex-start fusion-content-layout-column\"><div class=\"fusion-text fusion-text-1\" style=\"--awb-text-color:#ffffff;\"><p>Als einzigartiger Anbieter schl\u00fcsselfertiger L\u00f6sungen f\u00fcr die stromlose Beschichtung liefern wir unseren Kunden auch komplette Beschichtungsl\u00f6sungen, indem wir unser Beschichtungs-Know-how und unsere Erfahrung f\u00fcr einen garantierten Prozesstransfer nutzen.\u00a0Unsere Chemikalien verf\u00fcgen \u00fcber mehr als 25 Jahre Produktionserfahrung im Wafer Level Packaging, mit einer nachgewiesenen Produktionsleistung von mehr als 500.000 Wafern pro Monat weltweit in den verschiedensten Anwendungen, wie z. B. in der Konsumg\u00fcterindustrie, im Handel, in der Automobilbranche, in der Luft- und Raumfahrt, in der Landwirtschaft und bei Industrieprodukten.<\/p>\n<p>In Zusammenarbeit mit unseren Partnern entwickelt PacTech High-Tech-Chemikalien f\u00fcr verschiedene Anwendungen in der Halbleiterindustrie, die sowohl cyanidische als auch cyanidfreie Optionen enthalten. Die Chemikalien werden st\u00e4ndig verbessert und in unseren Massenproduktionsprozess f\u00fcr hochzuverl\u00e4ssige Geh\u00e4use, einschlie\u00dflich Anwendungen in der Automobil- und Luftfahrtindustrie, integriert. Als Turnkey-Lieferant f\u00fcr die stromlose Beschichtung k\u00f6nnen die Chemikalien entsprechend der PACLINE \u00ae -Konfiguration des Kunden angepasst werden, um eine automatische Fertigung, wie z. B. CDU-Versorgung und automatische Badpflege, zu erreichen.<\/p>\n<p>Unser Produktportfolio umfasst Konzentrate und vorgemischte B\u00e4der, die sofort verwendet werden k\u00f6nnen.<\/p>\n<\/div><div class=\"fusion-text fusion-text-2 fusion-text-no-margin\" style=\"--awb-text-color:#ffffff;--awb-margin-top:30px;--awb-margin-bottom:0px;\"><p><strong>Stromlose Beschichtung<br \/>\n<\/strong><\/p>\n<\/div><ul style=\"--awb-margin-bottom:30px;--awb-line-height:27.2px;--awb-icon-width:27.2px;--awb-icon-height:27.2px;--awb-icon-margin:11.2px;--awb-content-margin:38.4px;--awb-circlecolor:#ad1d3f;--awb-circle-yes-font-size:14.08px;\" class=\"fusion-checklist fusion-checklist-1 fusion-checklist-default type-icons\"><li class=\"fusion-li-item\" style=\"\"><span class=\"icon-wrapper circle-yes\"><i class=\"fusion-li-icon awb-icon-check\" aria-hidden=\"true\"><\/i><\/span><div class=\"fusion-li-item-content\">Reinigung von Al- und Cu-Pads<\/div><\/li><li class=\"fusion-li-item\" style=\"\"><span class=\"icon-wrapper circle-yes\"><i class=\"fusion-li-icon awb-icon-check\" aria-hidden=\"true\"><\/i><\/span><div class=\"fusion-li-item-content\">Al- und Cu-Pad-Aktivierung<\/div><\/li><li class=\"fusion-li-item\" style=\"\"><span class=\"icon-wrapper circle-yes\"><i class=\"fusion-li-icon awb-icon-check\" aria-hidden=\"true\"><\/i><\/span><div class=\"fusion-li-item-content\">Stromlos Ni, Pd, Ag, Cu<\/div><\/li><li class=\"fusion-li-item\" style=\"\"><span class=\"icon-wrapper circle-yes\"><i class=\"fusion-li-icon awb-icon-check\" aria-hidden=\"true\"><\/i><\/span><div class=\"fusion-li-item-content\">Immersion Au<\/div><\/li><li class=\"fusion-li-item\" style=\"\"><span class=\"icon-wrapper circle-yes\"><i class=\"fusion-li-icon awb-icon-check\" aria-hidden=\"true\"><\/i><\/span><div class=\"fusion-li-item-content\">Zyanid oder zyanidfrei<\/div><\/li><li class=\"fusion-li-item\" style=\"\"><span class=\"icon-wrapper circle-yes\"><i class=\"fusion-li-icon awb-icon-check\" aria-hidden=\"true\"><\/i><\/span><div class=\"fusion-li-item-content\">Spezielle L\u00f6sungen f\u00fcr die Reinigung\/Aktivierung von Ni &amp; Ag-Pads<\/div><\/li><\/ul><div class=\"fusion-text fusion-text-3 fusion-text-no-margin\" style=\"--awb-text-color:#ffffff;--awb-margin-top:30px;--awb-margin-bottom:0px;\"><p><strong>Leistungen<\/strong><\/p>\n<\/div><ul style=\"--awb-margin-bottom:30px;--awb-line-height:27.2px;--awb-icon-width:27.2px;--awb-icon-height:27.2px;--awb-icon-margin:11.2px;--awb-content-margin:38.4px;--awb-circlecolor:#ad1d3f;--awb-circle-yes-font-size:14.08px;\" class=\"fusion-checklist fusion-checklist-2 fusion-checklist-default type-icons\"><li class=\"fusion-li-item\" style=\"\"><span class=\"icon-wrapper circle-yes\"><i class=\"fusion-li-icon awb-icon-check\" aria-hidden=\"true\"><\/i><\/span><div class=\"fusion-li-item-content\">Weltweiter Vertrieb<\/div><\/li><li class=\"fusion-li-item\" style=\"\"><span class=\"icon-wrapper circle-yes\"><i class=\"fusion-li-icon awb-icon-check\" aria-hidden=\"true\"><\/i><\/span><div class=\"fusion-li-item-content\">Lieferung<\/div><\/li><li class=\"fusion-li-item\" style=\"\"><span class=\"icon-wrapper circle-yes\"><i class=\"fusion-li-icon awb-icon-check\" aria-hidden=\"true\"><\/i><\/span><div class=\"fusion-li-item-content\">Qualit\u00e4tssicherung<\/div><\/li><li class=\"fusion-li-item\" style=\"\"><span class=\"icon-wrapper circle-yes\"><i class=\"fusion-li-icon awb-icon-check\" aria-hidden=\"true\"><\/i><\/span><div class=\"fusion-li-item-content\">Importer Of Record<\/div><\/li><\/ul><div class=\"fusion-text fusion-text-4 fusion-text-no-margin\" style=\"--awb-text-color:#ffffff;--awb-margin-top:30px;--awb-margin-bottom:0px;\"><p><strong>Photolack<\/strong><\/p>\n<\/div><ul style=\"--awb-margin-bottom:30px;--awb-line-height:27.2px;--awb-icon-width:27.2px;--awb-icon-height:27.2px;--awb-icon-margin:11.2px;--awb-content-margin:38.4px;--awb-circlecolor:#ad1d3f;--awb-circle-yes-font-size:14.08px;\" class=\"fusion-checklist fusion-checklist-3 fusion-checklist-default type-icons\"><li class=\"fusion-li-item\" style=\"\"><span class=\"icon-wrapper circle-yes\"><i class=\"fusion-li-icon awb-icon-check\" aria-hidden=\"true\"><\/i><\/span><div class=\"fusion-li-item-content\">R\u00fcckseitenbeschichtung<\/div><\/li><li class=\"fusion-li-item\" style=\"\"><span class=\"icon-wrapper circle-yes\"><i class=\"fusion-li-icon awb-icon-check\" aria-hidden=\"true\"><\/i><\/span><div class=\"fusion-li-item-content\">Lichtempfindlich<\/div><\/li><li class=\"fusion-li-item\" style=\"\"><span class=\"icon-wrapper circle-yes\"><i class=\"fusion-li-icon awb-icon-check\" aria-hidden=\"true\"><\/i><\/span><div class=\"fusion-li-item-content\">Strippers<\/div><\/li><\/ul><div class=\"fusion-text fusion-text-5 fusion-text-no-margin\" style=\"--awb-text-color:#ffffff;--awb-margin-top:30px;--awb-margin-bottom:0px;\"><p><strong>L\u00f6sungsmittel<\/strong><\/p>\n<\/div><ul style=\"--awb-margin-bottom:30px;--awb-line-height:27.2px;--awb-icon-width:27.2px;--awb-icon-height:27.2px;--awb-icon-margin:11.2px;--awb-content-margin:38.4px;--awb-circlecolor:#ad1d3f;--awb-circle-yes-font-size:14.08px;\" class=\"fusion-checklist fusion-checklist-4 fusion-checklist-default type-icons\"><li class=\"fusion-li-item\" style=\"\"><span class=\"icon-wrapper circle-yes\"><i class=\"fusion-li-icon awb-icon-check\" aria-hidden=\"true\"><\/i><\/span><div class=\"fusion-li-item-content\">Flussmittelreiniger<\/div><\/li><\/ul><div ><a class=\"fusion-button button-3d fusion-button-default-size button-custom fusion-button-default button-1 fusion-button-default-span fusion-button-default-type fusion-has-button-gradient\" style=\"--button_accent_color:#000000;--button_border_color:#000000;--button_accent_hover_color:#000000;--button_border_hover_color:#000000;--button_gradient_top_color:#ffffff;--button_gradient_bottom_color:#c4c4c4;--button_gradient_top_color_hover:#c4c4c4;--button_gradient_bottom_color_hover:#ffffff;--button_margin-top:30px;\" target=\"_self\" href=\"https:\/\/pactech.com\/de\/kontakt\/\"><i class=\"fa-headset fas awb-button__icon awb-button__icon--default button-icon-left\" aria-hidden=\"true\"><\/i><span class=\"fusion-button-text awb-button__text awb-button__text--default\">Kontakt mit Sales aufnehmen<\/span><\/a><\/div><\/div><\/div><div class=\"fusion-layout-column fusion_builder_column fusion-builder-column-2 awb-sticky awb-sticky-medium awb-sticky-large fusion_builder_column_2_5 2_5 fusion-flex-column fusion-flex-align-self-flex-start fusion-animated\" style=\"--awb-bg-size:cover;--awb-width-large:40%;--awb-margin-top-large:0px;--awb-spacing-right-large:calc( 0.125 * calc( 100% - 0px ) );--awb-margin-bottom-large:100px;--awb-spacing-left-large:0px;--awb-width-medium:100%;--awb-order-medium:1;--awb-margin-top-medium:-100px;--awb-spacing-right-medium:calc( 0.05 * calc( 100% - 0px ) );--awb-spacing-left-medium:calc( 0.05 * calc( 100% - 0px ) );--awb-width-small:100%;--awb-order-small:1;--awb-margin-top-small:-100px;--awb-spacing-right-small:calc( 0.07 * calc( 100% - 0px ) );--awb-spacing-left-small:calc( 0.07 * calc( 100% - 0px ) );--awb-sticky-offset:150px;\" data-animationType=\"fadeInRight\" data-animationDuration=\"2.0\" data-animationOffset=\"top-into-view\" data-scroll-devices=\"small-visibility,medium-visibility,large-visibility\"><div class=\"fusion-column-wrapper fusion-column-has-shadow fusion-flex-justify-content-center fusion-content-layout-column\"><div class=\"fusion-image-element fusion-no-large-visibility\" style=\"--awb-mask-url: url(https:\/\/pactech.com\/wp-content\/plugins\/fusion-builder\/\/assets\/images\/masks\/mask-17.svg);--awb-mask-size: cover;--awb-caption-title-font-family:var(--h2_typography-font-family);--awb-caption-title-font-weight:var(--h2_typography-font-weight);--awb-caption-title-font-style:var(--h2_typography-font-style);--awb-caption-title-size:var(--h2_typography-font-size);--awb-caption-title-transform:var(--h2_typography-text-transform);--awb-caption-title-line-height:var(--h2_typography-line-height);--awb-caption-title-letter-spacing:var(--h2_typography-letter-spacing);\"><span class=\" fusion-imageframe imageframe-none imageframe-1 hover-type-none has-mask\"><img decoding=\"async\" width=\"2560\" height=\"1707\" alt=\"Plating Chemicals\" title=\"_Z7A5144\" src=\"https:\/\/pactech.com\/wp-content\/uploads\/2022\/11\/Z7A5144-scaled.jpg\" class=\"img-responsive wp-image-3789\" srcset=\"https:\/\/pactech.com\/wp-content\/uploads\/2022\/11\/Z7A5144-200x133.jpg 200w, https:\/\/pactech.com\/wp-content\/uploads\/2022\/11\/Z7A5144-400x267.jpg 400w, https:\/\/pactech.com\/wp-content\/uploads\/2022\/11\/Z7A5144-600x400.jpg 600w, https:\/\/pactech.com\/wp-content\/uploads\/2022\/11\/Z7A5144-800x533.jpg 800w, https:\/\/pactech.com\/wp-content\/uploads\/2022\/11\/Z7A5144-1200x800.jpg 1200w, https:\/\/pactech.com\/wp-content\/uploads\/2022\/11\/Z7A5144-scaled.jpg 2560w\" sizes=\"(max-width: 1024px) 100vw, (max-width: 600px) 100vw, 600px\" \/><\/span><\/div><div class=\"fusion-image-element fusion-no-small-visibility fusion-no-medium-visibility\" style=\"--awb-mask-url: url(https:\/\/pactech.com\/wp-content\/plugins\/fusion-builder\/\/assets\/images\/masks\/mask-17.svg);--awb-mask-size: cover;--awb-margin-top:30px;--awb-caption-title-font-family:var(--h2_typography-font-family);--awb-caption-title-font-weight:var(--h2_typography-font-weight);--awb-caption-title-font-style:var(--h2_typography-font-style);--awb-caption-title-size:var(--h2_typography-font-size);--awb-caption-title-transform:var(--h2_typography-text-transform);--awb-caption-title-line-height:var(--h2_typography-line-height);--awb-caption-title-letter-spacing:var(--h2_typography-letter-spacing);\"><span class=\" fusion-imageframe imageframe-none imageframe-2 hover-type-none has-mask\"><img decoding=\"async\" width=\"2560\" height=\"1707\" alt=\"Plating Chemicals\" title=\"_L1A5596\" src=\"https:\/\/pactech.com\/wp-content\/uploads\/2022\/11\/L1A5596-scaled.jpg\" class=\"img-responsive wp-image-3792\" srcset=\"https:\/\/pactech.com\/wp-content\/uploads\/2022\/11\/L1A5596-200x133.jpg 200w, https:\/\/pactech.com\/wp-content\/uploads\/2022\/11\/L1A5596-400x267.jpg 400w, https:\/\/pactech.com\/wp-content\/uploads\/2022\/11\/L1A5596-600x400.jpg 600w, https:\/\/pactech.com\/wp-content\/uploads\/2022\/11\/L1A5596-800x533.jpg 800w, https:\/\/pactech.com\/wp-content\/uploads\/2022\/11\/L1A5596-1200x800.jpg 1200w, https:\/\/pactech.com\/wp-content\/uploads\/2022\/11\/L1A5596-scaled.jpg 2560w\" sizes=\"(max-width: 1024px) 100vw, (max-width: 600px) 100vw, 600px\" \/><\/span><\/div><\/div><\/div><div class=\"fusion-layout-column fusion_builder_column fusion-builder-column-3 fusion_builder_column_1_1 1_1 fusion-flex-column\" style=\"--awb-padding-top:100px;--awb-bg-image:linear-gradient(180deg, rgba(0,0,0,0) 0%,#000000 100%);--awb-bg-size:cover;--awb-width-large:100%;--awb-margin-top-large:0px;--awb-spacing-right-large:0px;--awb-margin-bottom-large:0px;--awb-spacing-left-large:0px;--awb-width-medium:100%;--awb-order-medium:0;--awb-spacing-right-medium:0px;--awb-spacing-left-medium:0px;--awb-width-small:100%;--awb-order-small:0;--awb-spacing-right-small:0px;--awb-spacing-left-small:0px;\"><div class=\"fusion-column-wrapper fusion-column-has-shadow fusion-flex-justify-content-flex-start fusion-content-layout-column\"><\/div><\/div><\/div><\/div>\n","protected":false},"excerpt":{"rendered":"","protected":false},"author":6,"featured_media":3792,"parent":0,"menu_order":0,"comment_status":"closed","ping_status":"closed","template":"100-width.php","meta":{"content-type":"","footnotes":""},"class_list":["post-7622","page","type-page","status-publish","has-post-thumbnail","hentry"],"yoast_head":"<!-- This site is optimized with the Yoast SEO plugin v27.3 - https:\/\/yoast.com\/product\/yoast-seo-wordpress\/ -->\n<title>Chemikalien f\u00fcr Advanced Packaging und Wafer Level Packaging<\/title>\n<meta name=\"description\" content=\"Wir entwickeln Hightech-Chemikalien f\u00fcr Anwendungen, die durch Konzentrate und B\u00e4der an unsere Wafer-Level-Packaging-Prozesse angepasst sind.\" \/>\n<meta name=\"robots\" content=\"index, follow, max-snippet:-1, max-image-preview:large, max-video-preview:-1\" \/>\n<link rel=\"canonical\" href=\"https:\/\/pactech.com\/de\/chemikalien\/\" \/>\n<meta property=\"og:locale\" content=\"de_DE\" \/>\n<meta property=\"og:type\" content=\"article\" \/>\n<meta property=\"og:title\" content=\"Chemikalien f\u00fcr Advanced Packaging und Wafer Level Packaging\" \/>\n<meta property=\"og:description\" content=\"Wir entwickeln Hightech-Chemikalien f\u00fcr Anwendungen, die durch Konzentrate und B\u00e4der an unsere Wafer-Level-Packaging-Prozesse angepasst sind.\" \/>\n<meta property=\"og:url\" content=\"https:\/\/pactech.com\/de\/chemikalien\/\" \/>\n<meta property=\"og:site_name\" content=\"PacTech - Packaging Technology Equipment &amp; Services\" \/>\n<meta property=\"article:modified_time\" content=\"2025-09-18T09:45:38+00:00\" \/>\n<meta property=\"og:image\" content=\"https:\/\/pactech.com\/wp-content\/uploads\/2022\/11\/L1A5596-scaled-e1675068402194.jpg\" \/>\n\t<meta property=\"og:image:width\" content=\"2560\" \/>\n\t<meta property=\"og:image:height\" content=\"1707\" \/>\n\t<meta property=\"og:image:type\" content=\"image\/jpeg\" \/>\n<meta name=\"twitter:card\" content=\"summary_large_image\" \/>\n<script type=\"application\/ld+json\" class=\"yoast-schema-graph\">{\"@context\":\"https:\\\/\\\/schema.org\",\"@graph\":[{\"@type\":\"WebPage\",\"@id\":\"https:\\\/\\\/pactech.com\\\/de\\\/chemikalien\\\/\",\"url\":\"https:\\\/\\\/pactech.com\\\/de\\\/chemikalien\\\/\",\"name\":\"Chemikalien f\u00fcr Advanced Packaging und Wafer Level Packaging\",\"isPartOf\":{\"@id\":\"https:\\\/\\\/pactech.com\\\/de\\\/#website\"},\"primaryImageOfPage\":{\"@id\":\"https:\\\/\\\/pactech.com\\\/de\\\/chemikalien\\\/#primaryimage\"},\"image\":{\"@id\":\"https:\\\/\\\/pactech.com\\\/de\\\/chemikalien\\\/#primaryimage\"},\"thumbnailUrl\":\"https:\\\/\\\/pactech.com\\\/wp-content\\\/uploads\\\/2022\\\/11\\\/L1A5596-scaled-e1675068402194.jpg\",\"datePublished\":\"2022-11-08T12:14:58+00:00\",\"dateModified\":\"2025-09-18T09:45:38+00:00\",\"description\":\"Wir entwickeln Hightech-Chemikalien f\u00fcr Anwendungen, die durch Konzentrate und B\u00e4der an unsere Wafer-Level-Packaging-Prozesse angepasst sind.\",\"breadcrumb\":{\"@id\":\"https:\\\/\\\/pactech.com\\\/de\\\/chemikalien\\\/#breadcrumb\"},\"inLanguage\":\"de\",\"potentialAction\":[{\"@type\":\"ReadAction\",\"target\":[\"https:\\\/\\\/pactech.com\\\/de\\\/chemikalien\\\/\"]}]},{\"@type\":\"ImageObject\",\"inLanguage\":\"de\",\"@id\":\"https:\\\/\\\/pactech.com\\\/de\\\/chemikalien\\\/#primaryimage\",\"url\":\"https:\\\/\\\/pactech.com\\\/wp-content\\\/uploads\\\/2022\\\/11\\\/L1A5596-scaled-e1675068402194.jpg\",\"contentUrl\":\"https:\\\/\\\/pactech.com\\\/wp-content\\\/uploads\\\/2022\\\/11\\\/L1A5596-scaled-e1675068402194.jpg\",\"width\":2560,\"height\":1707,\"caption\":\"Plating Chemicals\"},{\"@type\":\"BreadcrumbList\",\"@id\":\"https:\\\/\\\/pactech.com\\\/de\\\/chemikalien\\\/#breadcrumb\",\"itemListElement\":[{\"@type\":\"ListItem\",\"position\":1,\"name\":\"Startseite\",\"item\":\"https:\\\/\\\/pactech.com\\\/de\\\/\"},{\"@type\":\"ListItem\",\"position\":2,\"name\":\"Chemikalien\"}]},{\"@type\":\"WebSite\",\"@id\":\"https:\\\/\\\/pactech.com\\\/de\\\/#website\",\"url\":\"https:\\\/\\\/pactech.com\\\/de\\\/\",\"name\":\"PacTech - Packaging Technology Equipment &amp; Services\",\"description\":\"Advanced Packaging Equipment and Wafer Level Packaging Services\",\"potentialAction\":[{\"@type\":\"SearchAction\",\"target\":{\"@type\":\"EntryPoint\",\"urlTemplate\":\"https:\\\/\\\/pactech.com\\\/de\\\/?s={search_term_string}\"},\"query-input\":{\"@type\":\"PropertyValueSpecification\",\"valueRequired\":true,\"valueName\":\"search_term_string\"}}],\"inLanguage\":\"de\"}]}<\/script>\n<!-- \/ Yoast SEO plugin. -->","yoast_head_json":{"title":"Chemikalien f\u00fcr Advanced Packaging und Wafer Level Packaging","description":"Wir entwickeln Hightech-Chemikalien f\u00fcr Anwendungen, die durch Konzentrate und B\u00e4der an unsere Wafer-Level-Packaging-Prozesse angepasst sind.","robots":{"index":"index","follow":"follow","max-snippet":"max-snippet:-1","max-image-preview":"max-image-preview:large","max-video-preview":"max-video-preview:-1"},"canonical":"https:\/\/pactech.com\/de\/chemikalien\/","og_locale":"de_DE","og_type":"article","og_title":"Chemikalien f\u00fcr Advanced Packaging und Wafer Level Packaging","og_description":"Wir entwickeln Hightech-Chemikalien f\u00fcr Anwendungen, die durch Konzentrate und B\u00e4der an unsere Wafer-Level-Packaging-Prozesse angepasst sind.","og_url":"https:\/\/pactech.com\/de\/chemikalien\/","og_site_name":"PacTech - Packaging Technology Equipment &amp; Services","article_modified_time":"2025-09-18T09:45:38+00:00","og_image":[{"width":2560,"height":1707,"url":"https:\/\/pactech.com\/wp-content\/uploads\/2022\/11\/L1A5596-scaled-e1675068402194.jpg","type":"image\/jpeg"}],"twitter_card":"summary_large_image","schema":{"@context":"https:\/\/schema.org","@graph":[{"@type":"WebPage","@id":"https:\/\/pactech.com\/de\/chemikalien\/","url":"https:\/\/pactech.com\/de\/chemikalien\/","name":"Chemikalien f\u00fcr Advanced Packaging und Wafer Level Packaging","isPartOf":{"@id":"https:\/\/pactech.com\/de\/#website"},"primaryImageOfPage":{"@id":"https:\/\/pactech.com\/de\/chemikalien\/#primaryimage"},"image":{"@id":"https:\/\/pactech.com\/de\/chemikalien\/#primaryimage"},"thumbnailUrl":"https:\/\/pactech.com\/wp-content\/uploads\/2022\/11\/L1A5596-scaled-e1675068402194.jpg","datePublished":"2022-11-08T12:14:58+00:00","dateModified":"2025-09-18T09:45:38+00:00","description":"Wir entwickeln Hightech-Chemikalien f\u00fcr Anwendungen, die durch Konzentrate und B\u00e4der an unsere Wafer-Level-Packaging-Prozesse angepasst sind.","breadcrumb":{"@id":"https:\/\/pactech.com\/de\/chemikalien\/#breadcrumb"},"inLanguage":"de","potentialAction":[{"@type":"ReadAction","target":["https:\/\/pactech.com\/de\/chemikalien\/"]}]},{"@type":"ImageObject","inLanguage":"de","@id":"https:\/\/pactech.com\/de\/chemikalien\/#primaryimage","url":"https:\/\/pactech.com\/wp-content\/uploads\/2022\/11\/L1A5596-scaled-e1675068402194.jpg","contentUrl":"https:\/\/pactech.com\/wp-content\/uploads\/2022\/11\/L1A5596-scaled-e1675068402194.jpg","width":2560,"height":1707,"caption":"Plating Chemicals"},{"@type":"BreadcrumbList","@id":"https:\/\/pactech.com\/de\/chemikalien\/#breadcrumb","itemListElement":[{"@type":"ListItem","position":1,"name":"Startseite","item":"https:\/\/pactech.com\/de\/"},{"@type":"ListItem","position":2,"name":"Chemikalien"}]},{"@type":"WebSite","@id":"https:\/\/pactech.com\/de\/#website","url":"https:\/\/pactech.com\/de\/","name":"PacTech - Packaging Technology Equipment &amp; Services","description":"Advanced Packaging Equipment and Wafer Level Packaging Services","potentialAction":[{"@type":"SearchAction","target":{"@type":"EntryPoint","urlTemplate":"https:\/\/pactech.com\/de\/?s={search_term_string}"},"query-input":{"@type":"PropertyValueSpecification","valueRequired":true,"valueName":"search_term_string"}}],"inLanguage":"de"}]}},"_links":{"self":[{"href":"https:\/\/pactech.com\/de\/wp-json\/wp\/v2\/pages\/7622","targetHints":{"allow":["GET"]}}],"collection":[{"href":"https:\/\/pactech.com\/de\/wp-json\/wp\/v2\/pages"}],"about":[{"href":"https:\/\/pactech.com\/de\/wp-json\/wp\/v2\/types\/page"}],"author":[{"embeddable":true,"href":"https:\/\/pactech.com\/de\/wp-json\/wp\/v2\/users\/6"}],"replies":[{"embeddable":true,"href":"https:\/\/pactech.com\/de\/wp-json\/wp\/v2\/comments?post=7622"}],"version-history":[{"count":13,"href":"https:\/\/pactech.com\/de\/wp-json\/wp\/v2\/pages\/7622\/revisions"}],"predecessor-version":[{"id":22186,"href":"https:\/\/pactech.com\/de\/wp-json\/wp\/v2\/pages\/7622\/revisions\/22186"}],"wp:featuredmedia":[{"embeddable":true,"href":"https:\/\/pactech.com\/de\/wp-json\/wp\/v2\/media\/3792"}],"wp:attachment":[{"href":"https:\/\/pactech.com\/de\/wp-json\/wp\/v2\/media?parent=7622"}],"curies":[{"name":"wp","href":"https:\/\/api.w.org\/{rel}","templated":true}]}}