{"id":7101,"date":"2022-11-15T09:38:46","date_gmt":"2022-11-15T09:38:46","guid":{"rendered":"https:\/\/test.pactech.com\/advanced-packaging-maschinen\/smt-machines-for-electronical-component-assembly-on-pcbs\/"},"modified":"2025-09-22T12:07:21","modified_gmt":"2025-09-22T10:07:21","slug":"smt-maschinen-fuer-die-montage-elektronischer-bauteile-auf-pcbs","status":"publish","type":"page","link":"https:\/\/pactech.com\/de\/advanced-packaging-maschinen\/smt-maschinen-fuer-die-montage-elektronischer-bauteile-auf-pcbs\/","title":{"rendered":"SMT-Maschinen f\u00fcr die Montage elektronischer Bauteile auf PCBs"},"content":{"rendered":"<p><div class=\"fusion-fullwidth fullwidth-box fusion-builder-row-1 fusion-flex-container fusion-parallax-fixed hundred-percent-fullwidth non-hundred-percent-height-scrolling\" style=\"--awb-border-radius-top-left:0px;--awb-border-radius-top-right:0px;--awb-border-radius-bottom-right:0px;--awb-border-radius-bottom-left:0px;--awb-padding-top:6%;--awb-padding-right:0px;--awb-padding-bottom:0px;--awb-padding-left:0px;--awb-padding-top-medium:0px;--awb-margin-top:0px;--awb-margin-bottom:0px;--awb-background-image:linear-gradient(180deg, rgba(0,0,0,0.9) 0%,rgba(0,0,0,0.7) 100%),url(https:\/\/pactech.com\/wp-content\/uploads\/2022\/11\/PacTech-Wafer-Level-Packaging-Slider-Image-New.jpg);;--awb-background-size:cover;--awb-flex-wrap:wrap;background-attachment:fixed;\" ><div class=\"fusion-builder-row fusion-row fusion-flex-align-items-stretch fusion-flex-content-wrap\" style=\"width:calc( 100% + 0px ) !important;max-width:calc( 100% + 0px ) !important;margin-left: calc(-0px \/ 2 );margin-right: calc(-0px \/ 2 );\"><div class=\"fusion-layout-column fusion_builder_column fusion-builder-column-0 fusion_builder_column_1_1 1_1 fusion-flex-column fusion-animated\" style=\"--awb-padding-top:30px;--awb-padding-top-small:0px;--awb-bg-blend:overlay;--awb-bg-size:cover;--awb-width-large:100%;--awb-margin-top-large:0px;--awb-spacing-right-large:calc( 0.05 * calc( 100% - 0px ) );--awb-margin-bottom-large:0px;--awb-spacing-left-large:calc( 0.05 * calc( 100% - 0px ) );--awb-width-medium:100%;--awb-order-medium:0;--awb-margin-top-medium:30px;--awb-spacing-right-medium:calc( 0.05 * calc( 100% - 0px ) );--awb-spacing-left-medium:calc( 0.05 * calc( 100% - 0px ) );--awb-width-small:100%;--awb-order-small:0;--awb-margin-top-small:30px;--awb-spacing-right-small:calc( 0.07 * calc( 100% - 0px ) );--awb-spacing-left-small:calc( 0.07 * calc( 100% - 0px ) );\" data-animationType=\"fadeInLeft\" data-animationDuration=\"2.0\" data-animationOffset=\"top-into-view\" data-scroll-devices=\"small-visibility,medium-visibility,large-visibility\"><div class=\"fusion-column-wrapper fusion-column-has-shadow fusion-flex-justify-content-flex-start fusion-content-layout-column\"><div class=\"fusion-title title fusion-title-1 fusion-sep-none fusion-title-text fusion-title-size-one\" style=\"--awb-text-color:#ffffff;--awb-margin-top-small:10px;--awb-margin-right-small:0px;--awb-margin-bottom-small:10px;--awb-margin-left-small:0px;\"><h1 class=\"fusion-title-heading title-heading-left\" style=\"margin:0;text-transform:uppercase;\"><h1>SMT-Maschinen f\u00fcr die Montage elektronischer Bauteile auf PCBs<\/h1><\/h1><\/div><\/div><\/div><div class=\"fusion-layout-column fusion_builder_column fusion-builder-column-1 fusion_builder_column_1_2 1_2 fusion-flex-column fusion-flex-align-self-center fusion-animated\" style=\"--awb-padding-top:40px;--awb-padding-right:15%;--awb-padding-bottom:40px;--awb-padding-left:40px;--awb-padding-right-medium:5%;--awb-padding-left-medium:5%;--awb-padding-top-small:30px;--awb-padding-right-small:30px;--awb-padding-bottom-small:30px;--awb-padding-left-small:30px;--awb-bg-color:#616161;--awb-bg-color-hover:#616161;--awb-bg-size:cover;--awb-border-color:#ffffff;--awb-border-top:10px;--awb-border-right:10px;--awb-border-bottom:10px;--awb-border-left:10px;--awb-border-style:solid;--awb-width-large:50%;--awb-margin-top-large:50px;--awb-spacing-right-large:calc( -0.2 * calc( 100% - 0px ) );--awb-margin-bottom-large:50px;--awb-spacing-left-large:calc( 0.1 * calc( 100% - 0px ) );--awb-width-medium:100%;--awb-order-medium:2;--awb-spacing-right-medium:calc( 0.05 * calc( 100% - 0px ) );--awb-spacing-left-medium:calc( 0.05 * calc( 100% - 0px ) );--awb-width-small:100%;--awb-order-small:2;--awb-spacing-right-small:calc( 0.07 * calc( 100% - 0px ) );--awb-spacing-left-small:calc( 0.07 * calc( 100% - 0px ) );\" data-animationType=\"fadeInLeft\" data-animationDuration=\"2.0\" data-animationOffset=\"top-into-view\" data-scroll-devices=\"small-visibility,medium-visibility,large-visibility\"><div class=\"fusion-column-wrapper fusion-column-has-shadow fusion-flex-justify-content-center fusion-content-layout-column\"><div class=\"fusion-text fusion-text-1\" style=\"--awb-text-color:#ffffff;\"><p>Die Oberfl\u00e4chenmontagetechnik (Surface Mount Technology, SMT) ist eine der wichtigsten Methoden f\u00fcr die Montage elektronischer Bauteile auf einem Substrat wie einer Leiterplatte (Printed Circuit Board, PCB). Das mit dieser Methode montierte Bauteil wird als Surface Mount Device (SMD) bezeichnet.<\/p>\n<p>In vielen F\u00e4llen werden die Bauteile, z. B. ein Kondensator, mit Hilfe von Best\u00fcckungsger\u00e4ten in die richtige Position gebracht, und das Substrat wird in einem Reflow-Ofen erhitzt, um eine L\u00f6tverbindung herzustellen. Bei diesem Verfahren wird ein hoher Durchsatz erwartet, allerdings ist die thermische Belastung des Substrats zu hoch.<\/p>\n<p>Unsere laserunterst\u00fctzten Bondanlagen bieten Ihnen einen Bondprozess mit geringer thermischer Belastung. Damit k\u00f6nnen Sie die folgenden Objekte verarbeiten:<\/p>\n<\/div><ul style=\"--awb-line-height:27.2px;--awb-icon-width:27.2px;--awb-icon-height:27.2px;--awb-icon-margin:11.2px;--awb-content-margin:38.4px;--awb-circlecolor:#ad1d3f;--awb-circle-yes-font-size:14.08px;\" class=\"fusion-checklist fusion-checklist-1 fusion-checklist-default type-icons\"><li class=\"fusion-li-item\" style=\"\"><span class=\"icon-wrapper circle-yes\"><i class=\"fusion-li-icon fa-arrow-alt-circle-right fas\" aria-hidden=\"true\"><\/i><\/span><div class=\"fusion-li-item-content\">Das Substrat hat Bauteile\/Komponenten, die leicht durch Hitze beeinflusst werden<\/div><\/li><li class=\"fusion-li-item\" style=\"\"><span class=\"icon-wrapper circle-yes\"><i class=\"fusion-li-icon fa-arrow-alt-circle-right fas\" aria-hidden=\"true\"><\/i><\/span><div class=\"fusion-li-item-content\">Das Substrat selbst weist w\u00e4rmeempfindliche Eigenschaften auf<\/div><\/li><\/ul><div ><a class=\"fusion-button button-3d fusion-button-default-size button-custom fusion-button-default button-1 fusion-button-default-span fusion-button-default-type fusion-has-button-gradient\" style=\"--awb-margin-top:30px;--button_accent_color:#000000;--button_border_color:#000000;--button_accent_hover_color:#000000;--button_border_hover_color:#000000;--button_gradient_top_color:#ffffff;--button_gradient_bottom_color:#c4c4c4;--button_gradient_top_color_hover:#c4c4c4;--button_gradient_bottom_color_hover:#ffffff;\" target=\"_self\" href=\"https:\/\/pactech.com\/de\/kontakt\/\"><i class=\"fa-headset fas awb-button__icon awb-button__icon--default button-icon-left\" aria-hidden=\"true\"><\/i><span class=\"fusion-button-text awb-button__text awb-button__text--default\">Kontakt mit Sales aufnehmen<\/span><\/a><\/div><\/div><\/div><div class=\"fusion-layout-column fusion_builder_column fusion-builder-column-2 fusion_builder_column_1_2 1_2 fusion-flex-column fusion-flex-align-self-stretch fusion-animated\" style=\"--awb-bg-size:cover;--awb-width-large:50%;--awb-margin-top-large:50px;--awb-spacing-right-large:calc( 0.1 * calc( 100% - 0px ) );--awb-margin-bottom-large:0px;--awb-spacing-left-large:0px;--awb-width-medium:100%;--awb-order-medium:1;--awb-spacing-right-medium:calc( 0.05 * calc( 100% - 0px ) );--awb-spacing-left-medium:calc( 0.05 * calc( 100% - 0px ) );--awb-width-small:100%;--awb-order-small:1;--awb-spacing-right-small:calc( 0.07 * calc( 100% - 0px ) );--awb-spacing-left-small:calc( 0.07 * calc( 100% - 0px ) );\" data-animationType=\"fadeInRight\" data-animationDuration=\"2.0\" data-animationOffset=\"top-into-view\" data-scroll-devices=\"small-visibility,medium-visibility,large-visibility\"><div class=\"fusion-column-wrapper fusion-column-has-shadow fusion-flex-justify-content-center fusion-content-layout-column\"><div class=\"fusion-image-element \" style=\"--awb-mask-url: url(https:\/\/pactech.com\/wp-content\/plugins\/fusion-builder\/\/assets\/images\/masks\/mask-17.svg);--awb-mask-size: cover;--awb-margin-bottom:30px;--awb-margin-top-medium:-100px;--awb-margin-bottom-medium:0px;--awb-margin-top-small:-100px;--awb-margin-bottom-small:0px;--awb-caption-title-font-family:var(--h2_typography-font-family);--awb-caption-title-font-weight:var(--h2_typography-font-weight);--awb-caption-title-font-style:var(--h2_typography-font-style);--awb-caption-title-size:var(--h2_typography-font-size);--awb-caption-title-transform:var(--h2_typography-text-transform);--awb-caption-title-line-height:var(--h2_typography-line-height);--awb-caption-title-letter-spacing:var(--h2_typography-letter-spacing);\"><div class=\"awb-image-frame awb-image-frame-1 imageframe-liftup hover-with-mask\"><span class=\" fusion-imageframe imageframe-none imageframe-1 has-mask\"><img decoding=\"async\" width=\"1024\" height=\"683\" alt=\"Chip Scale Laser Soldering\" title=\"_L1A5257\" src=\"https:\/\/pactech.com\/wp-content\/uploads\/2022\/11\/L1A5257-1024x683.jpg\" class=\"img-responsive wp-image-3810\" srcset=\"https:\/\/pactech.com\/wp-content\/uploads\/2022\/11\/L1A5257-200x133.jpg 200w, https:\/\/pactech.com\/wp-content\/uploads\/2022\/11\/L1A5257-400x267.jpg 400w, https:\/\/pactech.com\/wp-content\/uploads\/2022\/11\/L1A5257-600x400.jpg 600w, https:\/\/pactech.com\/wp-content\/uploads\/2022\/11\/L1A5257-800x533.jpg 800w, https:\/\/pactech.com\/wp-content\/uploads\/2022\/11\/L1A5257-1200x800.jpg 1200w\" sizes=\"(max-width: 1024px) 100vw, (max-width: 600px) 100vw, 800px\" \/><\/span><\/div><\/div><\/div><\/div><div class=\"fusion-layout-column fusion_builder_column fusion-builder-column-3 fusion_builder_column_1_1 1_1 fusion-flex-column\" style=\"--awb-padding-top:100px;--awb-bg-image:linear-gradient(180deg, rgba(0,0,0,0) 0%,#000000 100%);--awb-bg-size:cover;--awb-width-large:100%;--awb-margin-top-large:0px;--awb-spacing-right-large:0px;--awb-margin-bottom-large:0px;--awb-spacing-left-large:0px;--awb-width-medium:100%;--awb-order-medium:0;--awb-spacing-right-medium:0px;--awb-spacing-left-medium:0px;--awb-width-small:100%;--awb-order-small:0;--awb-spacing-right-small:0px;--awb-spacing-left-small:0px;\"><div class=\"fusion-column-wrapper fusion-column-has-shadow fusion-flex-justify-content-flex-start fusion-content-layout-column\"><\/div><\/div><\/div><\/div><div class=\"fusion-fullwidth fullwidth-box fusion-builder-row-2 fusion-flex-container has-pattern-background has-mask-background hundred-percent-fullwidth non-hundred-percent-height-scrolling\" style=\"--awb-border-radius-top-left:0px;--awb-border-radius-top-right:0px;--awb-border-radius-bottom-right:0px;--awb-border-radius-bottom-left:0px;--awb-padding-top:0px;--awb-padding-right:0px;--awb-padding-left:0px;--awb-padding-right-medium:0px;--awb-padding-left-medium:0px;--awb-flex-wrap:wrap;\" ><div class=\"fusion-builder-row fusion-row fusion-flex-align-items-flex-start fusion-flex-content-wrap\" style=\"width:calc( 100% + 0px ) !important;max-width:calc( 100% + 0px ) !important;margin-left: calc(-0px \/ 2 );margin-right: calc(-0px \/ 2 );\"><div class=\"fusion-layout-column fusion_builder_column fusion-builder-column-4 fusion_builder_column_1_1 1_1 fusion-flex-column fusion-animated\" style=\"--awb-padding-top:100px;--awb-padding-top-small:0px;--awb-padding-bottom-small:60px;--awb-bg-blend:overlay;--awb-bg-size:cover;--awb-width-large:100%;--awb-margin-top-large:0px;--awb-spacing-right-large:calc( 0.05 * calc( 100% - 0px ) );--awb-margin-bottom-large:0px;--awb-spacing-left-large:calc( 0.05 * calc( 100% - 0px ) );--awb-width-medium:100%;--awb-spacing-right-medium:calc( 0.05 * calc( 100% - 0px ) );--awb-spacing-left-medium:calc( 0.05 * calc( 100% - 0px ) );--awb-width-small:100%;--awb-spacing-right-small:calc( 0.07 * calc( 100% - 0px ) );--awb-spacing-left-small:calc( 0.07 * calc( 100% - 0px ) );\" data-animationType=\"fadeInLeft\" data-animationDuration=\"2.0\" data-animationOffset=\"top-into-view\"><div class=\"fusion-column-wrapper fusion-flex-justify-content-flex-start fusion-content-layout-column\"><div class=\"fusion-title title fusion-title-2 fusion-title-text fusion-title-size-two\" style=\"--awb-text-color:#ffffff;--awb-margin-bottom:50px;--awb-margin-top-small:10px;--awb-margin-right-small:0px;--awb-margin-bottom-small:10px;--awb-margin-left-small:0px;--awb-sep-color:#ad1d3f;\"><div class=\"title-sep-container title-sep-container-left fusion-no-large-visibility fusion-no-medium-visibility fusion-no-small-visibility\"><div class=\"title-sep sep-single sep-solid\" style=\"border-color:#ad1d3f;\"><\/div><\/div><span class=\"awb-title-spacer fusion-no-large-visibility fusion-no-medium-visibility fusion-no-small-visibility\"><\/span><h2 class=\"fusion-title-heading title-heading-left\" style=\"margin:0;\">SMT-Maschinen<\/h2><span class=\"awb-title-spacer\"><\/span><div class=\"title-sep-container title-sep-container-right\"><div class=\"title-sep sep-single sep-solid\" style=\"border-color:#ad1d3f;\"><\/div><\/div><\/div><\/div><\/div><div class=\"fusion-layout-column fusion_builder_column fusion-builder-column-5 fusion_builder_column_1_1 1_1 fusion-flex-column fusion-animated\" style=\"--awb-bg-size:cover;--awb-width-large:100%;--awb-margin-top-large:0px;--awb-spacing-right-large:calc( 0.05 * calc( 100% - 0px ) );--awb-margin-bottom-large:0px;--awb-spacing-left-large:calc( 0.05 * calc( 100% - 0px ) );--awb-width-medium:100%;--awb-order-medium:0;--awb-spacing-right-medium:calc( 0.05 * calc( 100% - 0px ) );--awb-spacing-left-medium:calc( 0.05 * calc( 100% - 0px ) );--awb-width-small:100%;--awb-order-small:0;--awb-spacing-right-small:calc( 0.07 * calc( 100% - 0px ) );--awb-spacing-left-small:calc( 0.07 * calc( 100% - 0px ) );\" data-animationType=\"fadeInUp\" data-animationDuration=\"2.0\" data-animationOffset=\"top-into-view\"><div class=\"fusion-column-wrapper fusion-column-has-shadow fusion-flex-justify-content-flex-start fusion-content-layout-column\"><style type=\"text\/css\">.fusion-portfolio-wrapper#fusion-portfolio-1 .fusion-portfolio-content{ padding: 25px 25px 25px 25px; text-align: left; }<\/style><div class=\"fusion-recent-works fusion-portfolio-element fusion-portfolio fusion-portfolio-1 fusion-portfolio-grid fusion-portfolio-paging-none fusion-portfolio-two fusion-portfolio-boxed fusion-portfolio-text fusion-portfolio-equal-heights\" data-id=\"-rw-1\" data-columns=\"two\"><style type=\"text\/css\">.fusion-portfolio-1 .fusion-portfolio-wrapper .fusion-col-spacing{padding:15px;}<\/style><div class=\"fusion-portfolio-wrapper\" id=\"fusion-portfolio-1\" data-picturesize=\"auto\" data-pages=\"1\" style=\"margin:-15px;\"><article id=\"portfolio-1-post-9689\" class=\"fusion-portfolio-post aerospace-industry-de automotive-industry-de consumer-electronics-industry-de laser-soldering-de medical-industry-de production-assembly-de smt-de fusion-col-spacing post-9689\"><div class=\"fusion-portfolio-content-wrapper\" style=\"border:1px solid var(--awb-color2);border-bottom-width:3px;background-color:rgba(255,255,255,0);\"><span class=\"vcard rich-snippet-hidden\"><span class=\"fn\"><a href=\"https:\/\/pactech.com\/de\/author\/marketing\/\" title=\"Beitr\u00e4ge von Pia Bubelt\" rel=\"author\">Pia Bubelt<\/a><\/span><\/span><span class=\"updated rich-snippet-hidden\">2025-09-19T09:34:52+02:00<\/span><div  class=\"fusion-image-wrapper\" aria-haspopup=\"true\">\n\t\t\t\t\t\t\t<a href=\"https:\/\/pactech.com\/de\/equipment-item\/sb%c2%b2-usp\/\" aria-label=\"SB\u00b2 &lt;sup&gt;\u00ae&lt;\/sup&gt; \u2013 USP\">\n\t\t\t\t\t\t\t<img decoding=\"async\" width=\"2560\" height=\"2560\" src=\"https:\/\/pactech.com\/wp-content\/uploads\/2022\/11\/SB\u00b2-USP-e1675330411243.jpg\" class=\"attachment-full size-full wp-post-image\" alt=\"SB\u00b2-USP\" \/>\t\t\t<\/a>\n\t\t\t\t\t\t\t<\/div>\n<div class=\"fusion-portfolio-content\" style=\"background-color:rgba(255,255,255,0);\"><h2 class=\"entry-title fusion-post-title\"><a href=\"https:\/\/pactech.com\/de\/equipment-item\/sb%c2%b2-usp\/\">SB\u00b2 <sup>\u00ae<\/sup> \u2013 USP<\/a><\/h2><div class=\"fusion-content-sep sep-single sep-solid\" style=\"border-color:#ad1d3f;\"><\/div><div class=\"fusion-post-content\"><p>Hochflexible Laserl\u00f6tplattform f\u00fcr SMT-Bauteile, insbesondere f\u00fcr die Gro\u00dfserienfertigung in der Automobilindustrie.<\/p><\/div><\/div><\/div><\/article><\/div><\/div><\/div><\/div><\/div><\/div><\/p>\n","protected":false},"excerpt":{"rendered":"","protected":false},"author":6,"featured_media":3969,"parent":6991,"menu_order":0,"comment_status":"closed","ping_status":"closed","template":"100-width.php","meta":{"content-type":"","footnotes":""},"class_list":["post-7101","page","type-page","status-publish","has-post-thumbnail","hentry"],"yoast_head":"<!-- This site is optimized with the Yoast SEO plugin v27.4 - https:\/\/yoast.com\/product\/yoast-seo-wordpress\/ -->\n<title>SMT-Maschinen f\u00fcr die PCB-Bauteilmontage<\/title>\n<meta name=\"description\" content=\"SMT ist eine der wichtigsten Methoden f\u00fcr die Montage von elektronischen Bauteilen auf einem Substrat wie einer Leiterplatte.\" \/>\n<meta name=\"robots\" content=\"index, follow, max-snippet:-1, max-image-preview:large, max-video-preview:-1\" \/>\n<link rel=\"canonical\" href=\"https:\/\/pactech.com\/de\/advanced-packaging-maschinen\/smt-maschinen-fuer-die-montage-elektronischer-bauteile-auf-pcbs\/\" \/>\n<meta property=\"og:locale\" content=\"de_DE\" \/>\n<meta property=\"og:type\" content=\"article\" \/>\n<meta property=\"og:title\" content=\"SMT-Maschinen f\u00fcr die PCB-Bauteilmontage\" \/>\n<meta property=\"og:description\" content=\"SMT ist eine der wichtigsten Methoden f\u00fcr die Montage von elektronischen Bauteilen auf einem Substrat wie einer Leiterplatte.\" \/>\n<meta property=\"og:url\" content=\"https:\/\/pactech.com\/de\/advanced-packaging-maschinen\/smt-maschinen-fuer-die-montage-elektronischer-bauteile-auf-pcbs\/\" \/>\n<meta property=\"og:site_name\" content=\"PacTech - Packaging Technology Equipment &amp; Services\" \/>\n<meta property=\"article:modified_time\" content=\"2025-09-22T10:07:21+00:00\" \/>\n<meta property=\"og:image\" content=\"https:\/\/pactech.com\/wp-content\/uploads\/2022\/11\/IMG_E3474-e1675064954453.jpg\" \/>\n\t<meta property=\"og:image:width\" content=\"2006\" \/>\n\t<meta property=\"og:image:height\" content=\"2006\" \/>\n\t<meta property=\"og:image:type\" content=\"image\/jpeg\" \/>\n<meta name=\"twitter:card\" content=\"summary_large_image\" \/>\n<script type=\"application\/ld+json\" class=\"yoast-schema-graph\">{\"@context\":\"https:\\\/\\\/schema.org\",\"@graph\":[{\"@type\":\"WebPage\",\"@id\":\"https:\\\/\\\/pactech.com\\\/de\\\/advanced-packaging-maschinen\\\/smt-maschinen-fuer-die-montage-elektronischer-bauteile-auf-pcbs\\\/\",\"url\":\"https:\\\/\\\/pactech.com\\\/de\\\/advanced-packaging-maschinen\\\/smt-maschinen-fuer-die-montage-elektronischer-bauteile-auf-pcbs\\\/\",\"name\":\"SMT-Maschinen f\u00fcr die PCB-Bauteilmontage\",\"isPartOf\":{\"@id\":\"https:\\\/\\\/pactech.com\\\/de\\\/#website\"},\"primaryImageOfPage\":{\"@id\":\"https:\\\/\\\/pactech.com\\\/de\\\/advanced-packaging-maschinen\\\/smt-maschinen-fuer-die-montage-elektronischer-bauteile-auf-pcbs\\\/#primaryimage\"},\"image\":{\"@id\":\"https:\\\/\\\/pactech.com\\\/de\\\/advanced-packaging-maschinen\\\/smt-maschinen-fuer-die-montage-elektronischer-bauteile-auf-pcbs\\\/#primaryimage\"},\"thumbnailUrl\":\"https:\\\/\\\/pactech.com\\\/wp-content\\\/uploads\\\/2022\\\/11\\\/IMG_E3474-e1675064954453.jpg\",\"datePublished\":\"2022-11-15T09:38:46+00:00\",\"dateModified\":\"2025-09-22T10:07:21+00:00\",\"description\":\"SMT ist eine der wichtigsten Methoden f\u00fcr die Montage von elektronischen Bauteilen auf einem Substrat wie einer Leiterplatte.\",\"breadcrumb\":{\"@id\":\"https:\\\/\\\/pactech.com\\\/de\\\/advanced-packaging-maschinen\\\/smt-maschinen-fuer-die-montage-elektronischer-bauteile-auf-pcbs\\\/#breadcrumb\"},\"inLanguage\":\"de\",\"potentialAction\":[{\"@type\":\"ReadAction\",\"target\":[\"https:\\\/\\\/pactech.com\\\/de\\\/advanced-packaging-maschinen\\\/smt-maschinen-fuer-die-montage-elektronischer-bauteile-auf-pcbs\\\/\"]}]},{\"@type\":\"ImageObject\",\"inLanguage\":\"de\",\"@id\":\"https:\\\/\\\/pactech.com\\\/de\\\/advanced-packaging-maschinen\\\/smt-maschinen-fuer-die-montage-elektronischer-bauteile-auf-pcbs\\\/#primaryimage\",\"url\":\"https:\\\/\\\/pactech.com\\\/wp-content\\\/uploads\\\/2022\\\/11\\\/IMG_E3474-e1675064954453.jpg\",\"contentUrl\":\"https:\\\/\\\/pactech.com\\\/wp-content\\\/uploads\\\/2022\\\/11\\\/IMG_E3474-e1675064954453.jpg\",\"width\":2006,\"height\":2006,\"caption\":\"Wafer Component Assembly\"},{\"@type\":\"BreadcrumbList\",\"@id\":\"https:\\\/\\\/pactech.com\\\/de\\\/advanced-packaging-maschinen\\\/smt-maschinen-fuer-die-montage-elektronischer-bauteile-auf-pcbs\\\/#breadcrumb\",\"itemListElement\":[{\"@type\":\"ListItem\",\"position\":1,\"name\":\"Startseite\",\"item\":\"https:\\\/\\\/pactech.com\\\/de\\\/\"},{\"@type\":\"ListItem\",\"position\":2,\"name\":\"Advanced Packaging Maschinen\",\"item\":\"https:\\\/\\\/pactech.com\\\/de\\\/advanced-packaging-maschinen\\\/\"},{\"@type\":\"ListItem\",\"position\":3,\"name\":\"SMT-Maschinen f\u00fcr die Montage elektronischer Bauteile auf PCBs\"}]},{\"@type\":\"WebSite\",\"@id\":\"https:\\\/\\\/pactech.com\\\/de\\\/#website\",\"url\":\"https:\\\/\\\/pactech.com\\\/de\\\/\",\"name\":\"PacTech - Packaging Technology Equipment &amp; Services\",\"description\":\"Advanced Packaging Equipment and Wafer Level Packaging Services\",\"potentialAction\":[{\"@type\":\"SearchAction\",\"target\":{\"@type\":\"EntryPoint\",\"urlTemplate\":\"https:\\\/\\\/pactech.com\\\/de\\\/?s={search_term_string}\"},\"query-input\":{\"@type\":\"PropertyValueSpecification\",\"valueRequired\":true,\"valueName\":\"search_term_string\"}}],\"inLanguage\":\"de\"}]}<\/script>\n<!-- \/ Yoast SEO plugin. -->","yoast_head_json":{"title":"SMT-Maschinen f\u00fcr die PCB-Bauteilmontage","description":"SMT ist eine der wichtigsten Methoden f\u00fcr die Montage von elektronischen Bauteilen auf einem Substrat wie einer Leiterplatte.","robots":{"index":"index","follow":"follow","max-snippet":"max-snippet:-1","max-image-preview":"max-image-preview:large","max-video-preview":"max-video-preview:-1"},"canonical":"https:\/\/pactech.com\/de\/advanced-packaging-maschinen\/smt-maschinen-fuer-die-montage-elektronischer-bauteile-auf-pcbs\/","og_locale":"de_DE","og_type":"article","og_title":"SMT-Maschinen f\u00fcr die PCB-Bauteilmontage","og_description":"SMT ist eine der wichtigsten Methoden f\u00fcr die Montage von elektronischen Bauteilen auf einem Substrat wie einer Leiterplatte.","og_url":"https:\/\/pactech.com\/de\/advanced-packaging-maschinen\/smt-maschinen-fuer-die-montage-elektronischer-bauteile-auf-pcbs\/","og_site_name":"PacTech - Packaging Technology Equipment &amp; Services","article_modified_time":"2025-09-22T10:07:21+00:00","og_image":[{"width":2006,"height":2006,"url":"https:\/\/pactech.com\/wp-content\/uploads\/2022\/11\/IMG_E3474-e1675064954453.jpg","type":"image\/jpeg"}],"twitter_card":"summary_large_image","schema":{"@context":"https:\/\/schema.org","@graph":[{"@type":"WebPage","@id":"https:\/\/pactech.com\/de\/advanced-packaging-maschinen\/smt-maschinen-fuer-die-montage-elektronischer-bauteile-auf-pcbs\/","url":"https:\/\/pactech.com\/de\/advanced-packaging-maschinen\/smt-maschinen-fuer-die-montage-elektronischer-bauteile-auf-pcbs\/","name":"SMT-Maschinen f\u00fcr die PCB-Bauteilmontage","isPartOf":{"@id":"https:\/\/pactech.com\/de\/#website"},"primaryImageOfPage":{"@id":"https:\/\/pactech.com\/de\/advanced-packaging-maschinen\/smt-maschinen-fuer-die-montage-elektronischer-bauteile-auf-pcbs\/#primaryimage"},"image":{"@id":"https:\/\/pactech.com\/de\/advanced-packaging-maschinen\/smt-maschinen-fuer-die-montage-elektronischer-bauteile-auf-pcbs\/#primaryimage"},"thumbnailUrl":"https:\/\/pactech.com\/wp-content\/uploads\/2022\/11\/IMG_E3474-e1675064954453.jpg","datePublished":"2022-11-15T09:38:46+00:00","dateModified":"2025-09-22T10:07:21+00:00","description":"SMT ist eine der wichtigsten Methoden f\u00fcr die Montage von elektronischen Bauteilen auf einem Substrat wie einer Leiterplatte.","breadcrumb":{"@id":"https:\/\/pactech.com\/de\/advanced-packaging-maschinen\/smt-maschinen-fuer-die-montage-elektronischer-bauteile-auf-pcbs\/#breadcrumb"},"inLanguage":"de","potentialAction":[{"@type":"ReadAction","target":["https:\/\/pactech.com\/de\/advanced-packaging-maschinen\/smt-maschinen-fuer-die-montage-elektronischer-bauteile-auf-pcbs\/"]}]},{"@type":"ImageObject","inLanguage":"de","@id":"https:\/\/pactech.com\/de\/advanced-packaging-maschinen\/smt-maschinen-fuer-die-montage-elektronischer-bauteile-auf-pcbs\/#primaryimage","url":"https:\/\/pactech.com\/wp-content\/uploads\/2022\/11\/IMG_E3474-e1675064954453.jpg","contentUrl":"https:\/\/pactech.com\/wp-content\/uploads\/2022\/11\/IMG_E3474-e1675064954453.jpg","width":2006,"height":2006,"caption":"Wafer Component Assembly"},{"@type":"BreadcrumbList","@id":"https:\/\/pactech.com\/de\/advanced-packaging-maschinen\/smt-maschinen-fuer-die-montage-elektronischer-bauteile-auf-pcbs\/#breadcrumb","itemListElement":[{"@type":"ListItem","position":1,"name":"Startseite","item":"https:\/\/pactech.com\/de\/"},{"@type":"ListItem","position":2,"name":"Advanced Packaging Maschinen","item":"https:\/\/pactech.com\/de\/advanced-packaging-maschinen\/"},{"@type":"ListItem","position":3,"name":"SMT-Maschinen f\u00fcr die Montage elektronischer Bauteile auf PCBs"}]},{"@type":"WebSite","@id":"https:\/\/pactech.com\/de\/#website","url":"https:\/\/pactech.com\/de\/","name":"PacTech - Packaging Technology Equipment &amp; Services","description":"Advanced Packaging Equipment and Wafer Level Packaging Services","potentialAction":[{"@type":"SearchAction","target":{"@type":"EntryPoint","urlTemplate":"https:\/\/pactech.com\/de\/?s={search_term_string}"},"query-input":{"@type":"PropertyValueSpecification","valueRequired":true,"valueName":"search_term_string"}}],"inLanguage":"de"}]}},"_links":{"self":[{"href":"https:\/\/pactech.com\/de\/wp-json\/wp\/v2\/pages\/7101","targetHints":{"allow":["GET"]}}],"collection":[{"href":"https:\/\/pactech.com\/de\/wp-json\/wp\/v2\/pages"}],"about":[{"href":"https:\/\/pactech.com\/de\/wp-json\/wp\/v2\/types\/page"}],"author":[{"embeddable":true,"href":"https:\/\/pactech.com\/de\/wp-json\/wp\/v2\/users\/6"}],"replies":[{"embeddable":true,"href":"https:\/\/pactech.com\/de\/wp-json\/wp\/v2\/comments?post=7101"}],"version-history":[{"count":11,"href":"https:\/\/pactech.com\/de\/wp-json\/wp\/v2\/pages\/7101\/revisions"}],"predecessor-version":[{"id":22483,"href":"https:\/\/pactech.com\/de\/wp-json\/wp\/v2\/pages\/7101\/revisions\/22483"}],"up":[{"embeddable":true,"href":"https:\/\/pactech.com\/de\/wp-json\/wp\/v2\/pages\/6991"}],"wp:featuredmedia":[{"embeddable":true,"href":"https:\/\/pactech.com\/de\/wp-json\/wp\/v2\/media\/3969"}],"wp:attachment":[{"href":"https:\/\/pactech.com\/de\/wp-json\/wp\/v2\/media?parent=7101"}],"curies":[{"name":"wp","href":"https:\/\/api.w.org\/{rel}","templated":true}]}}