{"id":22367,"date":"2025-09-22T05:26:33","date_gmt":"2025-09-22T03:26:33","guid":{"rendered":"https:\/\/pactech.com\/?page_id=22367"},"modified":"2025-09-22T05:27:20","modified_gmt":"2025-09-22T03:27:20","slug":"vielen-dank-fuer-ihre-anfrage","status":"publish","type":"page","link":"https:\/\/pactech.com\/de\/vielen-dank-fuer-ihre-anfrage\/","title":{"rendered":"Vielen Dank f\u00fcr Ihre Anfrage"},"content":{"rendered":"<p><div class=\"fusion-fullwidth fullwidth-box fusion-builder-row-1 fusion-flex-container has-pattern-background has-mask-background nonhundred-percent-fullwidth non-hundred-percent-height-scrolling\" style=\"--awb-border-radius-top-left:0px;--awb-border-radius-top-right:0px;--awb-border-radius-bottom-right:0px;--awb-border-radius-bottom-left:0px;--awb-padding-bottom:61px;--awb-padding-bottom-medium:46px;--awb-padding-bottom-small:49px;--awb-flex-wrap:wrap;\" ><div class=\"fusion-builder-row fusion-row fusion-flex-align-items-flex-start fusion-flex-content-wrap\" style=\"max-width:1248px;margin-left: calc(-4% \/ 2 );margin-right: calc(-4% \/ 2 );\"><div class=\"fusion-layout-column fusion_builder_column fusion-builder-column-0 fusion_builder_column_1_1 1_1 fusion-flex-column fusion-flex-align-self-center\" style=\"--awb-padding-top:250px;--awb-padding-top-medium:0px;--awb-bg-size:cover;--awb-width-large:100%;--awb-margin-top-large:0px;--awb-spacing-right-large:6.72%;--awb-margin-bottom-large:0px;--awb-spacing-left-large:6.336%;--awb-width-medium:100%;--awb-order-medium:0;--awb-spacing-right-medium:6.72%;--awb-spacing-left-medium:6.336%;--awb-width-small:100%;--awb-order-small:0;--awb-spacing-right-small:6.816%;--awb-spacing-left-small:9.792%;\"><div class=\"fusion-column-wrapper fusion-column-has-shadow fusion-flex-justify-content-flex-start fusion-content-layout-column\"><div class=\"fusion-title title fusion-title-1 fusion-sep-none fusion-title-center fusion-title-text fusion-title-size-one\" style=\"--awb-text-color:#ffffff;--awb-margin-top:-80px;--awb-margin-top-small:10px;--awb-margin-right-small:0px;--awb-margin-bottom-small:10px;--awb-margin-left-small:0px;--awb-font-size:40px;\"><h1 class=\"fusion-title-heading title-heading-center\" style=\"margin:0;font-size:1em;\">Vielen Dank f\u00fcr Ihre Anfrage<\/h1><\/div><\/div><\/div><div class=\"fusion-layout-column fusion_builder_column fusion-builder-column-1 fusion_builder_column_1_1 1_1 fusion-flex-column\" style=\"--awb-padding-top:60px;--awb-bg-size:cover;--awb-width-large:100%;--awb-margin-top-large:0px;--awb-spacing-right-large:1.92%;--awb-margin-bottom-large:0px;--awb-spacing-left-large:1.92%;--awb-width-medium:100%;--awb-order-medium:0;--awb-spacing-right-medium:1.92%;--awb-spacing-left-medium:1.92%;--awb-width-small:100%;--awb-order-small:0;--awb-spacing-right-small:1.92%;--awb-spacing-left-small:1.92%;\"><div class=\"fusion-column-wrapper fusion-column-has-shadow fusion-flex-justify-content-flex-start fusion-content-layout-column\"><div class=\"fusion-text fusion-text-1\"><p style=\"text-align: center;\" data-start=\"134\" data-end=\"379\">Ihre Anfrage ist erfolgreich bei uns eingegangen. Wir werden uns so schnell wie m\u00f6glich bei Ihnen melden. In der Zwischenzeit k\u00f6nnen Sie sich gerne weiter \u00fcber unsere Produkte und Dienstleistungen auf unserer Website informieren.<\/p>\n<p style=\"text-align: center;\" data-start=\"381\" data-end=\"527\">Nochmals vielen Dank, dass Sie uns kontaktiert haben. Wir freuen uns darauf, Ihnen weiterzuhelfen und eine langfristige Zusammenarbeit aufzubauen.<\/p>\n<\/div><\/div><\/div><\/div><\/div><div class=\"fusion-fullwidth fullwidth-box fusion-builder-row-2 fusion-flex-container has-pattern-background has-mask-background nonhundred-percent-fullwidth non-hundred-percent-height-scrolling\" style=\"--awb-border-radius-top-left:0px;--awb-border-radius-top-right:0px;--awb-border-radius-bottom-right:0px;--awb-border-radius-bottom-left:0px;--awb-padding-top:0px;--awb-padding-bottom:142px;--awb-margin-top:0px;--awb-flex-wrap:wrap;\" ><div class=\"fusion-builder-row fusion-row fusion-flex-align-items-flex-start fusion-flex-content-wrap\" style=\"max-width:1248px;margin-left: calc(-4% \/ 2 );margin-right: calc(-4% \/ 2 );\"><div class=\"fusion-layout-column fusion_builder_column fusion-builder-column-2 fusion_builder_column_1_3 1_3 fusion-flex-column\" style=\"--awb-padding-bottom-medium:20px;--awb-padding-bottom-small:20px;--awb-bg-size:cover;--awb-width-large:33.333333333333%;--awb-margin-top-large:0px;--awb-spacing-right-large:5.76%;--awb-margin-bottom-large:0px;--awb-spacing-left-large:5.76%;--awb-width-medium:100%;--awb-order-medium:0;--awb-spacing-right-medium:1.92%;--awb-spacing-left-medium:1.92%;--awb-width-small:100%;--awb-order-small:0;--awb-spacing-right-small:1.92%;--awb-spacing-left-small:1.92%;\"><div class=\"fusion-column-wrapper fusion-column-has-shadow fusion-flex-justify-content-flex-start fusion-content-layout-column\"><div style=\"text-align:center;\"><a class=\"fusion-button button-3d fusion-button-default-size button-default fusion-button-default button-1 fusion-button-default-span fusion-button-default-type\" target=\"_self\" href=\"https:\/\/pactech.com\/de\/wafer-level-packaging-dienstleistungen\/\"><span class=\"fusion-button-text awb-button__text awb-button__text--default\">WLP Dienstleistungen<\/span><\/a><\/div><\/div><\/div><div class=\"fusion-layout-column fusion_builder_column fusion-builder-column-3 fusion_builder_column_1_3 1_3 fusion-flex-column\" style=\"--awb-padding-bottom-medium:20px;--awb-padding-bottom-small:20px;--awb-bg-size:cover;--awb-width-large:33.333333333333%;--awb-margin-top-large:0px;--awb-spacing-right-large:5.76%;--awb-margin-bottom-large:0px;--awb-spacing-left-large:5.76%;--awb-width-medium:100%;--awb-order-medium:0;--awb-spacing-right-medium:1.92%;--awb-spacing-left-medium:1.92%;--awb-width-small:100%;--awb-order-small:0;--awb-spacing-right-small:1.92%;--awb-spacing-left-small:1.92%;\"><div class=\"fusion-column-wrapper fusion-column-has-shadow fusion-flex-justify-content-flex-start fusion-content-layout-column\"><div style=\"text-align:center;\"><a class=\"fusion-button button-3d fusion-button-default-size button-default fusion-button-default button-2 fusion-button-default-span fusion-button-default-type\" target=\"_self\" href=\"https:\/\/pactech.com\/de\/advanced-packaging-maschinen\/\"><span class=\"fusion-button-text awb-button__text awb-button__text--default\">Advanced Packaging Maschinenbau<\/span><\/a><\/div><\/div><\/div><div class=\"fusion-layout-column fusion_builder_column fusion-builder-column-4 fusion_builder_column_1_3 1_3 fusion-flex-column\" style=\"--awb-bg-size:cover;--awb-width-large:33.333333333333%;--awb-margin-top-large:0px;--awb-spacing-right-large:5.76%;--awb-margin-bottom-large:0px;--awb-spacing-left-large:5.76%;--awb-width-medium:100%;--awb-order-medium:0;--awb-spacing-right-medium:1.92%;--awb-spacing-left-medium:1.92%;--awb-width-small:100%;--awb-order-small:0;--awb-spacing-right-small:1.92%;--awb-spacing-left-small:1.92%;\"><div class=\"fusion-column-wrapper fusion-column-has-shadow fusion-flex-justify-content-flex-start fusion-content-layout-column\"><div style=\"text-align:center;\"><a class=\"fusion-button button-3d fusion-button-default-size button-default fusion-button-default button-3 fusion-button-default-span fusion-button-default-type\" target=\"_self\" href=\"https:\/\/pactech.com\/de\/chemikalien\/\"><span class=\"fusion-button-text awb-button__text awb-button__text--default\">High-Tech-Chemikalien f\u00fcr WLP<\/span><\/a><\/div><\/div><\/div><\/div><\/div><\/p>\n","protected":false},"excerpt":{"rendered":"","protected":false},"author":4,"featured_media":0,"parent":0,"menu_order":0,"comment_status":"closed","ping_status":"closed","template":"100-width.php","meta":{"content-type":"","footnotes":""},"class_list":["post-22367","page","type-page","status-publish","hentry"],"yoast_head":"<!-- This site is optimized with the Yoast SEO plugin v27.5 - https:\/\/yoast.com\/product\/yoast-seo-wordpress\/ -->\n<title>Vielen Dank f\u00fcr Ihre Anfrage - PacTech - Packaging Technology Equipment &amp; Services<\/title>\n<meta name=\"robots\" content=\"index, follow, max-snippet:-1, max-image-preview:large, max-video-preview:-1\" \/>\n<link rel=\"canonical\" href=\"https:\/\/pactech.com\/de\/vielen-dank-fuer-ihre-anfrage\/\" \/>\n<meta property=\"og:locale\" content=\"de_DE\" \/>\n<meta property=\"og:type\" content=\"article\" \/>\n<meta property=\"og:title\" content=\"Vielen Dank f\u00fcr Ihre Anfrage - PacTech - Packaging Technology Equipment &amp; Services\" \/>\n<meta property=\"og:url\" content=\"https:\/\/pactech.com\/de\/vielen-dank-fuer-ihre-anfrage\/\" \/>\n<meta property=\"og:site_name\" content=\"PacTech - Packaging Technology Equipment &amp; Services\" \/>\n<meta property=\"article:modified_time\" content=\"2025-09-22T03:27:20+00:00\" \/>\n<meta property=\"og:image\" content=\"https:\/\/pactech.com\/wp-content\/uploads\/2025\/05\/JL040416195-scaled.jpg\" \/>\n\t<meta property=\"og:image:width\" content=\"1920\" \/>\n\t<meta property=\"og:image:height\" content=\"1280\" \/>\n\t<meta property=\"og:image:type\" content=\"image\/jpeg\" \/>\n<meta name=\"twitter:card\" content=\"summary_large_image\" \/>\n<script type=\"application\/ld+json\" class=\"yoast-schema-graph\">{\"@context\":\"https:\\\/\\\/schema.org\",\"@graph\":[{\"@type\":\"WebPage\",\"@id\":\"https:\\\/\\\/pactech.com\\\/de\\\/vielen-dank-fuer-ihre-anfrage\\\/\",\"url\":\"https:\\\/\\\/pactech.com\\\/de\\\/vielen-dank-fuer-ihre-anfrage\\\/\",\"name\":\"Vielen Dank f\u00fcr Ihre Anfrage - PacTech - Packaging Technology Equipment &amp; Services\",\"isPartOf\":{\"@id\":\"https:\\\/\\\/pactech.com\\\/de\\\/#website\"},\"datePublished\":\"2025-09-22T03:26:33+00:00\",\"dateModified\":\"2025-09-22T03:27:20+00:00\",\"breadcrumb\":{\"@id\":\"https:\\\/\\\/pactech.com\\\/de\\\/vielen-dank-fuer-ihre-anfrage\\\/#breadcrumb\"},\"inLanguage\":\"de\",\"potentialAction\":[{\"@type\":\"ReadAction\",\"target\":[\"https:\\\/\\\/pactech.com\\\/de\\\/vielen-dank-fuer-ihre-anfrage\\\/\"]}]},{\"@type\":\"BreadcrumbList\",\"@id\":\"https:\\\/\\\/pactech.com\\\/de\\\/vielen-dank-fuer-ihre-anfrage\\\/#breadcrumb\",\"itemListElement\":[{\"@type\":\"ListItem\",\"position\":1,\"name\":\"Startseite\",\"item\":\"https:\\\/\\\/pactech.com\\\/de\\\/\"},{\"@type\":\"ListItem\",\"position\":2,\"name\":\"Vielen Dank f\u00fcr Ihre Anfrage\"}]},{\"@type\":\"WebSite\",\"@id\":\"https:\\\/\\\/pactech.com\\\/de\\\/#website\",\"url\":\"https:\\\/\\\/pactech.com\\\/de\\\/\",\"name\":\"PacTech - Packaging Technology Equipment & Services\",\"description\":\"Advanced Packaging Equipment and Wafer Level Packaging Services\",\"publisher\":{\"@id\":\"https:\\\/\\\/pactech.com\\\/de\\\/#organization\"},\"potentialAction\":[{\"@type\":\"SearchAction\",\"target\":{\"@type\":\"EntryPoint\",\"urlTemplate\":\"https:\\\/\\\/pactech.com\\\/de\\\/?s={search_term_string}\"},\"query-input\":{\"@type\":\"PropertyValueSpecification\",\"valueRequired\":true,\"valueName\":\"search_term_string\"}}],\"inLanguage\":\"de\"},{\"@type\":\"Organization\",\"@id\":\"https:\\\/\\\/pactech.com\\\/de\\\/#organization\",\"name\":\"PacTech \u2013 Packaging Technologies GmbH\",\"url\":\"https:\\\/\\\/pactech.com\\\/de\\\/\",\"logo\":{\"@type\":\"ImageObject\",\"inLanguage\":\"de\",\"@id\":\"https:\\\/\\\/pactech.com\\\/de\\\/#\\\/schema\\\/logo\\\/image\\\/\",\"url\":\"https:\\\/\\\/pactech.com\\\/wp-content\\\/uploads\\\/2026\\\/04\\\/PacTech-logo.png\",\"contentUrl\":\"https:\\\/\\\/pactech.com\\\/wp-content\\\/uploads\\\/2026\\\/04\\\/PacTech-logo.png\",\"width\":696,\"height\":696,\"caption\":\"PacTech \u2013 Packaging Technologies GmbH\"},\"image\":{\"@id\":\"https:\\\/\\\/pactech.com\\\/de\\\/#\\\/schema\\\/logo\\\/image\\\/\"},\"sameAs\":[\"https:\\\/\\\/www.linkedin.com\\\/company\\\/pactech-packaging-technologies\\\/\"]}]}<\/script>\n<!-- \/ Yoast SEO plugin. -->","yoast_head_json":{"title":"Vielen Dank f\u00fcr Ihre Anfrage - PacTech - Packaging Technology Equipment &amp; Services","robots":{"index":"index","follow":"follow","max-snippet":"max-snippet:-1","max-image-preview":"max-image-preview:large","max-video-preview":"max-video-preview:-1"},"canonical":"https:\/\/pactech.com\/de\/vielen-dank-fuer-ihre-anfrage\/","og_locale":"de_DE","og_type":"article","og_title":"Vielen Dank f\u00fcr Ihre Anfrage - PacTech - Packaging Technology Equipment &amp; Services","og_url":"https:\/\/pactech.com\/de\/vielen-dank-fuer-ihre-anfrage\/","og_site_name":"PacTech - Packaging Technology Equipment &amp; Services","article_modified_time":"2025-09-22T03:27:20+00:00","og_image":[{"width":1920,"height":1280,"url":"https:\/\/pactech.com\/wp-content\/uploads\/2025\/05\/JL040416195-scaled.jpg","type":"image\/jpeg"}],"twitter_card":"summary_large_image","schema":{"@context":"https:\/\/schema.org","@graph":[{"@type":"WebPage","@id":"https:\/\/pactech.com\/de\/vielen-dank-fuer-ihre-anfrage\/","url":"https:\/\/pactech.com\/de\/vielen-dank-fuer-ihre-anfrage\/","name":"Vielen Dank f\u00fcr Ihre Anfrage - PacTech - Packaging Technology Equipment &amp; Services","isPartOf":{"@id":"https:\/\/pactech.com\/de\/#website"},"datePublished":"2025-09-22T03:26:33+00:00","dateModified":"2025-09-22T03:27:20+00:00","breadcrumb":{"@id":"https:\/\/pactech.com\/de\/vielen-dank-fuer-ihre-anfrage\/#breadcrumb"},"inLanguage":"de","potentialAction":[{"@type":"ReadAction","target":["https:\/\/pactech.com\/de\/vielen-dank-fuer-ihre-anfrage\/"]}]},{"@type":"BreadcrumbList","@id":"https:\/\/pactech.com\/de\/vielen-dank-fuer-ihre-anfrage\/#breadcrumb","itemListElement":[{"@type":"ListItem","position":1,"name":"Startseite","item":"https:\/\/pactech.com\/de\/"},{"@type":"ListItem","position":2,"name":"Vielen Dank f\u00fcr Ihre Anfrage"}]},{"@type":"WebSite","@id":"https:\/\/pactech.com\/de\/#website","url":"https:\/\/pactech.com\/de\/","name":"PacTech - Packaging Technology Equipment & Services","description":"Advanced Packaging Equipment and Wafer Level Packaging Services","publisher":{"@id":"https:\/\/pactech.com\/de\/#organization"},"potentialAction":[{"@type":"SearchAction","target":{"@type":"EntryPoint","urlTemplate":"https:\/\/pactech.com\/de\/?s={search_term_string}"},"query-input":{"@type":"PropertyValueSpecification","valueRequired":true,"valueName":"search_term_string"}}],"inLanguage":"de"},{"@type":"Organization","@id":"https:\/\/pactech.com\/de\/#organization","name":"PacTech \u2013 Packaging Technologies GmbH","url":"https:\/\/pactech.com\/de\/","logo":{"@type":"ImageObject","inLanguage":"de","@id":"https:\/\/pactech.com\/de\/#\/schema\/logo\/image\/","url":"https:\/\/pactech.com\/wp-content\/uploads\/2026\/04\/PacTech-logo.png","contentUrl":"https:\/\/pactech.com\/wp-content\/uploads\/2026\/04\/PacTech-logo.png","width":696,"height":696,"caption":"PacTech \u2013 Packaging Technologies GmbH"},"image":{"@id":"https:\/\/pactech.com\/de\/#\/schema\/logo\/image\/"},"sameAs":["https:\/\/www.linkedin.com\/company\/pactech-packaging-technologies\/"]}]}},"_links":{"self":[{"href":"https:\/\/pactech.com\/de\/wp-json\/wp\/v2\/pages\/22367","targetHints":{"allow":["GET"]}}],"collection":[{"href":"https:\/\/pactech.com\/de\/wp-json\/wp\/v2\/pages"}],"about":[{"href":"https:\/\/pactech.com\/de\/wp-json\/wp\/v2\/types\/page"}],"author":[{"embeddable":true,"href":"https:\/\/pactech.com\/de\/wp-json\/wp\/v2\/users\/4"}],"replies":[{"embeddable":true,"href":"https:\/\/pactech.com\/de\/wp-json\/wp\/v2\/comments?post=22367"}],"version-history":[{"count":2,"href":"https:\/\/pactech.com\/de\/wp-json\/wp\/v2\/pages\/22367\/revisions"}],"predecessor-version":[{"id":22369,"href":"https:\/\/pactech.com\/de\/wp-json\/wp\/v2\/pages\/22367\/revisions\/22369"}],"wp:attachment":[{"href":"https:\/\/pactech.com\/de\/wp-json\/wp\/v2\/media?parent=22367"}],"curies":[{"name":"wp","href":"https:\/\/api.w.org\/{rel}","templated":true}]}}